{"id":4765,"date":"2024-03-18T14:08:38","date_gmt":"2024-03-18T12:08:38","guid":{"rendered":"https:\/\/www.amante-menden.de\/?page_id=4765"},"modified":"2024-10-09T14:43:54","modified_gmt":"2024-10-09T12:43:54","slug":"das-war-die-jahreshauptversammlung-2024","status":"publish","type":"page","link":"https:\/\/www.amante-menden.de\/?page_id=4765","title":{"rendered":"Das war die Jahreshauptversammlung 2024"},"content":{"rendered":"\n<p>Am 20. Januar 2024 fanden sich die Mitglieder von amante della musia menden zur Jahreshauptversammlung im Casino der Stadtwerke Menden ein, um das vergangene Jahr Revue passieren zu lassen und gleichzeitig in die Planungen f\u00fcr das Jahr 2024 einzusteigen.<\/p>\n\n\n\n<h2 class=\"wp-block-heading\">Neue Mitglieder in den Vorstand gew\u00e4hlt<\/h2>\n\n\n\n<p>Mit Melanie Wrona wurde ein Mitglied, das bereits von 2004 bis 2016 dem amante-Vorstand angeh\u00f6rte und dann eine Erziehungspause einlegte, erneut in den Vorstand gew\u00e4hlt und geh\u00f6rt diesem nun als 2. Schriftf\u00fchrerin an.<br><br>Seit 2012 gibt es auch ein sogenanntes Schnuppermitglied, das durch die Mitgliederversammlung f\u00fcr ein Jahr in den Vorstand gew\u00e4hlt wird und dadurch einen Einblick in die Vorstandsarbeit erhalten und sich aktiv in dessen Arbeit einbringen kann. Auf der diesj\u00e4hrigen JHV haben sich die Mitglieder f\u00fcr das j\u00fcngste Mitglied des Chores, Laura Radoch, entschieden.<br><br>Die bisherige 2. Schriftf\u00fchrerin Ulrike G\u00fcnner hat sich in diesem Jahr nicht mehr zur Wahl gestellt. Weiterhin hat sich die Mitgliederversammlung dazu entschieden, den Posten der 2. Notenwartin, den Sabine Nitschke bisher inne hatte, aus dem Vorstand zu streichen. Sabine wird die Notenwartin allerdings auch au\u00dferhalb des Vorstandes weiterhin tatkr\u00e4ftig unterst\u00fctzen.<br><br>Einstimmig in ihren \u00c4mtern best\u00e4tigt wurden der 2. Vorsitzende Matthias Nagel sowie der 2. Kassierer Tobias Holz.<\/p>\n\n\n\n<figure class=\"wp-block-image size-large\"><img loading=\"lazy\" decoding=\"async\" width=\"1024\" height=\"594\" src=\"http:\/\/www.amante-menden.de\/wordpress\/wp-content\/uploads\/2024\/10\/Vorstand-1024x594.jpg\" alt=\"\" class=\"wp-image-4847\" srcset=\"https:\/\/www.amante-menden.de\/wordpress\/wp-content\/uploads\/2024\/10\/Vorstand-1024x594.jpg 1024w, https:\/\/www.amante-menden.de\/wordpress\/wp-content\/uploads\/2024\/10\/Vorstand-300x174.jpg 300w, https:\/\/www.amante-menden.de\/wordpress\/wp-content\/uploads\/2024\/10\/Vorstand-768x446.jpg 768w, https:\/\/www.amante-menden.de\/wordpress\/wp-content\/uploads\/2024\/10\/Vorstand-1536x891.jpg 1536w, https:\/\/www.amante-menden.de\/wordpress\/wp-content\/uploads\/2024\/10\/Vorstand-2048x1188.jpg 2048w\" sizes=\"auto, (max-width: 1024px) 100vw, 1024px\" \/><figcaption class=\"wp-element-caption\">Der Vorstand von amante della musica menden (v.l.), mit Chorleiter Stefan Risse (links): Anja Sch\u00fcrmann (1. Schriftf\u00fchrerin), Thorsten G\u00fcnner (1. Vorsitzender), Melanie Wrona (2. Schriftf\u00fchrerin), Matthias Nagel (2. Vorsitzender), Petra Nagel (1. Kassiererin), Sabine Baschista (Notenwartin), Tobias Holz (2. Kassierer) und Laura Radoch (Schnuppermitglied)<\/figcaption><\/figure>\n\n\n\n<p><strong>Wie in den vergangenen Jahren, wurden auch diesmal langj\u00e4hrige Mitglieder geehrt:<\/strong><\/p>\n\n\n\n<figure class=\"wp-block-image size-large\"><a href=\"https:\/\/www.amante-menden.de\/wordpress\/wp-content\/uploads\/2024\/10\/Ehrung-1-scaled.jpg\"><img loading=\"lazy\" decoding=\"async\" width=\"1024\" height=\"672\" src=\"https:\/\/www.amante-menden.de\/wordpress\/wp-content\/uploads\/2024\/10\/Ehrung-1-1024x672.jpg\" alt=\"\" class=\"wp-image-4850\" srcset=\"https:\/\/www.amante-menden.de\/wordpress\/wp-content\/uploads\/2024\/10\/Ehrung-1-1024x672.jpg 1024w, https:\/\/www.amante-menden.de\/wordpress\/wp-content\/uploads\/2024\/10\/Ehrung-1-300x197.jpg 300w, https:\/\/www.amante-menden.de\/wordpress\/wp-content\/uploads\/2024\/10\/Ehrung-1-768x504.jpg 768w, https:\/\/www.amante-menden.de\/wordpress\/wp-content\/uploads\/2024\/10\/Ehrung-1-1536x1008.jpg 1536w, https:\/\/www.amante-menden.de\/wordpress\/wp-content\/uploads\/2024\/10\/Ehrung-1-2048x1344.jpg 2048w\" sizes=\"auto, (max-width: 1024px) 100vw, 1024px\" \/><\/a><figcaption class=\"wp-element-caption\">Hier ein Teil der geehrten Mitglieder (v.l): Sabine Cordes, Rafael Wallot, Karen M\u00fclh\u00f6fer, Martin Schindler, Diana Levermann, Erwin Orlich, Evelyn Sch\u00fcter und Birgit Seidel<\/figcaption><\/figure>\n\n\n\n<p><br><strong>5-j\u00e4hrige Mitgliedschaft<\/strong>: Katja Brechmann, Nicole Hermann, Karen M\u00fclh\u00f6fer und Birgit Seidel (alle aktiv) sowie Gerda Hennecke (f\u00f6rdernd)<br><br><strong>10-j\u00e4hrige Mitgliedschaft:\u00a0<\/strong>Diana Levermann und Rafael Wallot (beide aktiv) sowie Sabine Sommer (f\u00f6rdernd)<br><br><strong>15-j\u00e4hrige Mitgliedschaft:<\/strong>\u00a0Sabine Cordes, Martin Schindler und Evelin Schl\u00fcter (beide aktiv) sowie Ingrid Meyer (f\u00f6rdernd)<br><br><strong>20-j\u00e4hrige Mitgliedschaft:\u00a0<\/strong>Georg Brinkmann, Patrick Brinkmann, Monika Do\u00dfler sowie Rainer Ferber (alle f\u00f6rdernd)<br><br><strong>30-j\u00e4hrige Mitgliedschaft:<\/strong>\u00a0Erwin Orlich (aktiv) und Lars Becker (Ehrenvorsitzender) sowie Alina Orlich (f\u00f6rdernd, zuvor aktiv)<\/p>\n\n\n\n<p>Der Terminkalender f\u00fcr das Jahr 2024 ist bereits gut gef\u00fcllt und schon am 16. M\u00e4rz 2024 stehen die S\u00e4ngerinnen und S\u00e4nger auf der B\u00fchne des \u201eScaramouche\u201c und werden unter Beweis stellen, dass sich anspruchsvolle Chormusik durchaus mit Komik verbinden l\u00e4sst. Der Schwerpunkt der Probenarbeit wird in der ersten Jahresh\u00e4lfte allerdings auf der Literatur f\u00fcr das Meisterchorsingen am 1. Juni 2024 liegen, an dem der Chor zum siebten Mal teilnehmen wird. Danach geht es nahtlos \u00fcber in die Vorbereitungen f\u00fcr das Benefizkonzert \u201eamante &amp; friends\u201c, das in diesem Jahr wieder am 3. Oktober auf der Wilhelmsh\u00f6he stattfinden und dem ein Probenwochenende im Paderborner Liborianum vorausgehen wird.<\/p>\n","protected":false},"excerpt":{"rendered":"<p>Am 20. Januar 2024 fanden sich die Mitglieder von amante della musia menden zur Jahreshauptversammlung im Casino der Stadtwerke Menden ein, um das vergangene Jahr Revue passieren zu lassen und gleichzeitig in die Planungen f\u00fcr das Jahr 2024 einzusteigen. Neue &hellip; <a href=\"https:\/\/www.amante-menden.de\/?page_id=4765\">Weiterlesen <span class=\"meta-nav\">&rarr;<\/span><\/a><\/p>\n","protected":false},"author":1,"featured_media":0,"parent":4558,"menu_order":241,"comment_status":"closed","ping_status":"closed","template":"","meta":{"footnotes":""},"class_list":["post-4765","page","type-page","status-publish","hentry"],"_links":{"self":[{"href":"https:\/\/www.amante-menden.de\/index.php?rest_route=\/wp\/v2\/pages\/4765","targetHints":{"allow":["GET"]}}],"collection":[{"href":"https:\/\/www.amante-menden.de\/index.php?rest_route=\/wp\/v2\/pages"}],"about":[{"href":"https:\/\/www.amante-menden.de\/index.php?rest_route=\/wp\/v2\/types\/page"}],"author":[{"embeddable":true,"href":"https:\/\/www.amante-menden.de\/index.php?rest_route=\/wp\/v2\/users\/1"}],"replies":[{"embeddable":true,"href":"https:\/\/www.amante-menden.de\/index.php?rest_route=%2Fwp%2Fv2%2Fcomments&post=4765"}],"version-history":[{"count":2,"href":"https:\/\/www.amante-menden.de\/index.php?rest_route=\/wp\/v2\/pages\/4765\/revisions"}],"predecessor-version":[{"id":4851,"href":"https:\/\/www.amante-menden.de\/index.php?rest_route=\/wp\/v2\/pages\/4765\/revisions\/4851"}],"up":[{"embeddable":true,"href":"https:\/\/www.amante-menden.de\/index.php?rest_route=\/wp\/v2\/pages\/4558"}],"wp:attachment":[{"href":"https:\/\/www.amante-menden.de\/index.php?rest_route=%2Fwp%2Fv2%2Fmedia&parent=4765"}],"curies":[{"name":"wp","href":"https:\/\/api.w.org\/{rel}","templated":true}]}}