{"id":482,"date":"2015-06-03T20:46:32","date_gmt":"2015-06-03T18:46:32","guid":{"rendered":"http:\/\/amante-menden.de\/wordpress\/?page_id=482"},"modified":"2015-06-16T15:16:37","modified_gmt":"2015-06-16T13:16:37","slug":"night-of-music-2013-in-der-balver-hoehle","status":"publish","type":"page","link":"https:\/\/www.amante-menden.de\/?page_id=482","title":{"rendered":"Night of Music 2013 in der Balver H\u00f6hle"},"content":{"rendered":"<p><a href=\"http:\/\/amante-menden.de\/wordpress\/wp-content\/uploads\/2015\/06\/22.jpg\"><img loading=\"lazy\" decoding=\"async\" class=\"alignnone size-full wp-image-502\" src=\"http:\/\/amante-menden.de\/wordpress\/wp-content\/uploads\/2015\/06\/22.jpg\" alt=\"22\" width=\"665\" height=\"498\" srcset=\"https:\/\/www.amante-menden.de\/wordpress\/wp-content\/uploads\/2015\/06\/22.jpg 665w, https:\/\/www.amante-menden.de\/wordpress\/wp-content\/uploads\/2015\/06\/22-300x225.jpg 300w\" sizes=\"auto, (max-width: 665px) 100vw, 665px\" \/><\/a><\/p>\n<p>Bilder: Thomas Krumm \/ S\u00fcderl\u00e4nder Volksfreund<\/p>\n<p>Musikverein Amicitia 1796 Garbeck. e.V. <a href=\"http:\/\/www.mv-garbeck.de\/\">[mehr]<\/a><br \/>\nBalver H\u00f6hle <a href=\"http:\/\/www.balver-hoehle.de\/\">[mehr]<\/a><br \/>\nFestspiele Balver H\u00f6hle <a href=\"http:\/\/www.festspiele-balver-hoehle.de\/index.php?option=com_content&amp;view=article&amp;id=108&amp;Itemid=149\">[mehr]<\/a><\/p>\n<p>Bericht Westfalenpost <a href=\"http:\/\/www.derwesten.de\/wp\/staedte\/balve\/1-200-besucher-vom-bunten-mix-an-melodien-begeistert-id8103576.html\">[mehr]<\/a><br \/>\nFotostrecke Westfalenpost <a href=\"http:\/\/www.derwesten.de\/wp\/staedte\/balve\/night-of-music-id8104981.html\">[mehr]<\/a><\/p>\n<p>Bericht S\u00fcderl\u00e4nder Volksfreund <a href=\"http:\/\/www.come-on.de\/lokales\/balve\/wilder-ritt-durch-musikgeschichte-2969990.html\">[mehr]<\/a><br \/>\nFotostrecke S\u00fcderl\u00e4nder Volksfreund <a href=\"http:\/\/www.come-on.de\/lokales\/balve\/wilder-ritt-durch-genres-2969869.html\">[mehr]<\/a><\/p>\n<hr \/>\n<p style=\"text-align: justify;\">Beeindruckend, mitrei\u00dfend, faszinierend: amante della musica menden hat am 22. Juni 2013 erstmals bei der Night of Music vor 1200 Zuschauern in der restlos ausverkauften Balver H\u00f6hle auf der B\u00fchne gestanden. Mit dem gastgebenden Musikverein Amicitia Garbeck pr\u00e4sentierte der Chor unter der Leitung von Luc vanden Broek zw\u00f6lf St\u00fccke gemeinsam &#8211; beispielsweise Call of the champions, Moment for Morricone, Bolero Shuffle oder auch Hallelujah und Somewhere over the rainbow. Dazu kamen vier eigene St\u00fccke, wobei vor allem der Bobby McFerrin-Welthit Don\u00b4t worry, be happy hervorragend ankam: Das gesamte Publikum fl\u00f6tete im Refrain mit und sorgte so f\u00fcr G\u00e4nsehaut-Stimmung beim Chor.<\/p>\n<p style=\"text-align: justify;\" align=\"justify\">Der durfte einen Tag sp\u00e4ter auch noch die Musik-Gala zum 100-J\u00e4hrigen Bestehen der Goldb\u00e4ckerei Grote in der Balver H\u00f6hle mitgestalten. Vor 1000 geladenen G\u00e4ste aus Politik, Wirtschaft, Verwaltung und Vereinen \u00fcberzeugte amante della musica einmal mehr und durfte nach zwei unvergesslichen Auftritten zufrieden res\u00fcmieren, dass sich die intensiven Probe-Monate mehr als gelohnt haben.<\/p>\n<hr \/>\n<h3>Wilder Ritt durch die Musikgeschichte<\/h3>\n<p align=\"justify\"><u>Bericht: Thomas Krumm \/ S\u00fcderl\u00e4nder Volksfreund<\/u><\/p>\n<p align=\"justify\"><b>BALVE<\/b> &#8211; Was f\u00fcr eine Kulisse: Ausverkauft war die Balver H\u00f6hle am Samstag, als das gro\u00dfe Blasorchester des Musikvereins Amicitia 1796 Garbeck, der Chor amante della musica und viele weitere Mitwirkende ein Mammutprogramm auf die B\u00fchne zauberten. Musikalische Genregrenzen wurden dabei spielerisch leicht \u00fcbersprungen.<\/p>\n<p align=\"justify\">Der Mendener Chor amante della musica war zum ersten Mal zu Besuch bei der \u201eNight of Music\u201c und pr\u00e4sentierte feine A-Cappella-Musik. Im Vordergrund das Blasorchester von Amicitia.<\/p>\n<p align=\"justify\">Gespielt und gesungen wurde das, was Freude macht. Nicht nur am Ende feierten die Besucher die Akteure und hatten viel Grund, zufrieden nach Hause zu gehen. Schon einige Namen machen deutlich, wie weit die Spannweite der w\u00e4hrend eines langen Abends gespielten Musik reichte: George Bizet war mit seiner Oper \u201eCarmen\u201c genauso vertreten wie das Alan Parsons Project, auf dessen Titel unmittelbar Giacomo Puccinis \u201eNessun Dorma\u201c aus der Oper Turandot folgte. Von Puccini ging es zur\u00fcck zu Bobby Mc Ferrins \u201eDon\u2019t worry, be happy\u201c und weiter zu Johann Strauss\u2019 \u201eAls flotter Geist\u201c und zur Urmelodie italienischer Canzone: \u201eO sole Mio\u201c. Nenas \u201e99 Luftballons\u201c waren kaum aufgestiegen, als die Orchestermusiker der Amicitia den wilden Ritt des Finales aus Rossinis Oper \u201eWilhelm Tell\u201c wagten.<\/p>\n<p align=\"justify\"><a href=\"http:\/\/amante-menden.de\/wordpress\/wp-content\/uploads\/2015\/06\/plakat1.jpg\"><img loading=\"lazy\" decoding=\"async\" class=\" size-medium wp-image-503 alignleft\" src=\"http:\/\/amante-menden.de\/wordpress\/wp-content\/uploads\/2015\/06\/plakat1-209x300.jpg\" alt=\"plakat\" width=\"209\" height=\"300\" srcset=\"https:\/\/www.amante-menden.de\/wordpress\/wp-content\/uploads\/2015\/06\/plakat1-209x300.jpg 209w, https:\/\/www.amante-menden.de\/wordpress\/wp-content\/uploads\/2015\/06\/plakat1.jpg 535w\" sizes=\"auto, (max-width: 209px) 100vw, 209px\" \/><\/a>Tobias Sch\u00fctte, musikalischer Leiter des Blasorchesters und engagierter Dirigent des Abends, bereicherte das Konzert durch ein Arrangement, indem er den ber\u00fchmten Bolero von Maurice Ravel mit Carl Orffs \u201eCarmina Burana\u201c, \u201eConquest of Paradise\u201c und der sinfonischen Huldigung an den Mars aus Gustav Holsts Zyklus \u201eDie Planeten\u201c zusammenbrachte. Das machte Spa\u00df \u2013 schon wegen Ravels bet\u00f6render Triolen. Eine \u00e4hnliche Verdichtung von Melodien gab es sp\u00e4ter noch einmal, als das Orchester Ennio Morricones Westernfilmkompositionen zu einem \u201eMoment of Morricone\u201c zusammenbrachte.<\/p>\n<p align=\"justify\">Eine echte Bereicherung f\u00fcr das Konzert war der Auftritt des Mendener A-Cappella-Chores amante della musica. Aus Platznot stiegen die S\u00e4nger in die zweite Etage der B\u00fchne und erfreuten das Publikum von dort aus mit handverlesenen Kompositionen: \u201eHungriges Herz\u201c, \u201eGabriella\u2019s Song\u201c, Rammsteins \u201eEngel\u201c und das fr\u00f6hliche \u201eDon\u2019t worry, be happy\u201c. Auch getanzt wurde erstmals: Irina Castillo brachte Bizets \u201eCarmen\u201c und damit den Flamenco auf die B\u00fchne.<\/p>\n<p align=\"justify\">Mehrere Instrumentalsolisten unterst\u00fctzten das Orchester: Hornist Lukas Schulte, mit 15 Jahren der j\u00fcngste Solist, spielte mit Bravour einen Satz aus Mozarts Hornkonzert. Und Posaunist Achim Bachmann nutzte das Klangfundament des Orchesters f\u00fcr eine Demonstration, was f\u00fcr Klangfarben er seinem Instrument entlocken kann. Doch was w\u00e4re die \u201eNight of Music\u201c ohne ihre singenden Solisten: Ingo Mettkens und Alexander Schulte sangen nicht nur jene St\u00fccke, die dem Pop zuzurechnen waren, sondern f\u00fchrten auch humorig und souver\u00e4n durch das Programm. Unterst\u00fctzt wurden sie beim Beatles-Medley und anderem von S\u00e4ngerin Ramona Pr\u00f6pper, die allein gro\u00dfe Auftritte mit Harold Garlens \u201eSomewhere Over the Rainbow\u201c und Lloyd Webbers \u201eMemories\u201c aus dem Musical \u201eCats\u201c hatte.<\/p>\n<p align=\"justify\">F\u00fcr Ausgew\u00e4hltes aus Oper und Operette waren Severine Joordens und Ben Hejnen engagiert worden. Letzterer erwies sich als ein gro\u00dfer Spa\u00dfvogel mit einer gro\u00dfen Stimme, deren Volumen und Durchhalteverm\u00f6gen das Publikum wiederholt staunen lie\u00dfen.<\/p>\n<div id='gallery-1' class='gallery galleryid-482 gallery-columns-3 gallery-size-thumbnail'><dl class='gallery-item'>\n\t\t\t<dt class='gallery-icon landscape'>\n\t\t\t\t<a href='https:\/\/www.amante-menden.de\/?attachment_id=501'><img loading=\"lazy\" decoding=\"async\" width=\"150\" height=\"150\" src=\"https:\/\/www.amante-menden.de\/wordpress\/wp-content\/uploads\/2015\/06\/211-150x150.jpg\" class=\"attachment-thumbnail size-thumbnail\" alt=\"\" srcset=\"https:\/\/www.amante-menden.de\/wordpress\/wp-content\/uploads\/2015\/06\/211-150x150.jpg 150w, https:\/\/www.amante-menden.de\/wordpress\/wp-content\/uploads\/2015\/06\/211-144x144.jpg 144w\" sizes=\"auto, (max-width: 150px) 100vw, 150px\" \/><\/a>\n\t\t\t<\/dt><\/dl><dl class='gallery-item'>\n\t\t\t<dt class='gallery-icon landscape'>\n\t\t\t\t<a href='https:\/\/www.amante-menden.de\/?attachment_id=500'><img loading=\"lazy\" decoding=\"async\" width=\"150\" height=\"150\" src=\"https:\/\/www.amante-menden.de\/wordpress\/wp-content\/uploads\/2015\/06\/20-150x150.jpg\" class=\"attachment-thumbnail size-thumbnail\" alt=\"\" srcset=\"https:\/\/www.amante-menden.de\/wordpress\/wp-content\/uploads\/2015\/06\/20-150x150.jpg 150w, https:\/\/www.amante-menden.de\/wordpress\/wp-content\/uploads\/2015\/06\/20-144x144.jpg 144w\" sizes=\"auto, (max-width: 150px) 100vw, 150px\" \/><\/a>\n\t\t\t<\/dt><\/dl><dl class='gallery-item'>\n\t\t\t<dt class='gallery-icon landscape'>\n\t\t\t\t<a href='https:\/\/www.amante-menden.de\/?attachment_id=499'><img loading=\"lazy\" decoding=\"async\" width=\"150\" height=\"150\" src=\"https:\/\/www.amante-menden.de\/wordpress\/wp-content\/uploads\/2015\/06\/15-150x150.jpg\" class=\"attachment-thumbnail size-thumbnail\" alt=\"\" srcset=\"https:\/\/www.amante-menden.de\/wordpress\/wp-content\/uploads\/2015\/06\/15-150x150.jpg 150w, https:\/\/www.amante-menden.de\/wordpress\/wp-content\/uploads\/2015\/06\/15-144x144.jpg 144w\" sizes=\"auto, (max-width: 150px) 100vw, 150px\" \/><\/a>\n\t\t\t<\/dt><\/dl><br style=\"clear: both\" \/><dl class='gallery-item'>\n\t\t\t<dt class='gallery-icon landscape'>\n\t\t\t\t<a href='https:\/\/www.amante-menden.de\/?attachment_id=498'><img loading=\"lazy\" decoding=\"async\" width=\"150\" height=\"150\" src=\"https:\/\/www.amante-menden.de\/wordpress\/wp-content\/uploads\/2015\/06\/14-150x150.jpg\" class=\"attachment-thumbnail size-thumbnail\" alt=\"\" srcset=\"https:\/\/www.amante-menden.de\/wordpress\/wp-content\/uploads\/2015\/06\/14-150x150.jpg 150w, https:\/\/www.amante-menden.de\/wordpress\/wp-content\/uploads\/2015\/06\/14-144x144.jpg 144w\" sizes=\"auto, (max-width: 150px) 100vw, 150px\" \/><\/a>\n\t\t\t<\/dt><\/dl><dl class='gallery-item'>\n\t\t\t<dt class='gallery-icon landscape'>\n\t\t\t\t<a href='https:\/\/www.amante-menden.de\/?attachment_id=497'><img loading=\"lazy\" decoding=\"async\" width=\"150\" height=\"150\" src=\"https:\/\/www.amante-menden.de\/wordpress\/wp-content\/uploads\/2015\/06\/13-150x150.jpg\" class=\"attachment-thumbnail size-thumbnail\" alt=\"\" srcset=\"https:\/\/www.amante-menden.de\/wordpress\/wp-content\/uploads\/2015\/06\/13-150x150.jpg 150w, https:\/\/www.amante-menden.de\/wordpress\/wp-content\/uploads\/2015\/06\/13-144x144.jpg 144w\" sizes=\"auto, (max-width: 150px) 100vw, 150px\" \/><\/a>\n\t\t\t<\/dt><\/dl><dl class='gallery-item'>\n\t\t\t<dt class='gallery-icon landscape'>\n\t\t\t\t<a href='https:\/\/www.amante-menden.de\/?attachment_id=496'><img loading=\"lazy\" decoding=\"async\" width=\"150\" height=\"150\" src=\"https:\/\/www.amante-menden.de\/wordpress\/wp-content\/uploads\/2015\/06\/121-150x150.jpg\" class=\"attachment-thumbnail size-thumbnail\" alt=\"\" srcset=\"https:\/\/www.amante-menden.de\/wordpress\/wp-content\/uploads\/2015\/06\/121-150x150.jpg 150w, https:\/\/www.amante-menden.de\/wordpress\/wp-content\/uploads\/2015\/06\/121-144x144.jpg 144w\" sizes=\"auto, (max-width: 150px) 100vw, 150px\" \/><\/a>\n\t\t\t<\/dt><\/dl><br style=\"clear: both\" \/><dl class='gallery-item'>\n\t\t\t<dt class='gallery-icon landscape'>\n\t\t\t\t<a href='https:\/\/www.amante-menden.de\/?attachment_id=495'><img loading=\"lazy\" decoding=\"async\" width=\"150\" height=\"150\" src=\"https:\/\/www.amante-menden.de\/wordpress\/wp-content\/uploads\/2015\/06\/111-150x150.jpg\" class=\"attachment-thumbnail size-thumbnail\" alt=\"\" srcset=\"https:\/\/www.amante-menden.de\/wordpress\/wp-content\/uploads\/2015\/06\/111-150x150.jpg 150w, https:\/\/www.amante-menden.de\/wordpress\/wp-content\/uploads\/2015\/06\/111-144x144.jpg 144w\" sizes=\"auto, (max-width: 150px) 100vw, 150px\" \/><\/a>\n\t\t\t<\/dt><\/dl><dl class='gallery-item'>\n\t\t\t<dt class='gallery-icon landscape'>\n\t\t\t\t<a href='https:\/\/www.amante-menden.de\/?attachment_id=494'><img loading=\"lazy\" decoding=\"async\" width=\"150\" height=\"150\" src=\"https:\/\/www.amante-menden.de\/wordpress\/wp-content\/uploads\/2015\/06\/101-150x150.jpg\" class=\"attachment-thumbnail size-thumbnail\" alt=\"\" srcset=\"https:\/\/www.amante-menden.de\/wordpress\/wp-content\/uploads\/2015\/06\/101-150x150.jpg 150w, https:\/\/www.amante-menden.de\/wordpress\/wp-content\/uploads\/2015\/06\/101-144x144.jpg 144w\" sizes=\"auto, (max-width: 150px) 100vw, 150px\" \/><\/a>\n\t\t\t<\/dt><\/dl><dl class='gallery-item'>\n\t\t\t<dt class='gallery-icon landscape'>\n\t\t\t\t<a href='https:\/\/www.amante-menden.de\/?attachment_id=493'><img loading=\"lazy\" decoding=\"async\" width=\"150\" height=\"150\" src=\"https:\/\/www.amante-menden.de\/wordpress\/wp-content\/uploads\/2015\/06\/91-150x150.jpg\" class=\"attachment-thumbnail size-thumbnail\" alt=\"\" srcset=\"https:\/\/www.amante-menden.de\/wordpress\/wp-content\/uploads\/2015\/06\/91-150x150.jpg 150w, https:\/\/www.amante-menden.de\/wordpress\/wp-content\/uploads\/2015\/06\/91-144x144.jpg 144w\" sizes=\"auto, (max-width: 150px) 100vw, 150px\" \/><\/a>\n\t\t\t<\/dt><\/dl><br style=\"clear: both\" \/><dl class='gallery-item'>\n\t\t\t<dt class='gallery-icon landscape'>\n\t\t\t\t<a href='https:\/\/www.amante-menden.de\/?attachment_id=492'><img loading=\"lazy\" decoding=\"async\" width=\"150\" height=\"150\" src=\"https:\/\/www.amante-menden.de\/wordpress\/wp-content\/uploads\/2015\/06\/81-150x150.jpg\" class=\"attachment-thumbnail size-thumbnail\" alt=\"\" srcset=\"https:\/\/www.amante-menden.de\/wordpress\/wp-content\/uploads\/2015\/06\/81-150x150.jpg 150w, https:\/\/www.amante-menden.de\/wordpress\/wp-content\/uploads\/2015\/06\/81-144x144.jpg 144w\" sizes=\"auto, (max-width: 150px) 100vw, 150px\" \/><\/a>\n\t\t\t<\/dt><\/dl><dl class='gallery-item'>\n\t\t\t<dt class='gallery-icon landscape'>\n\t\t\t\t<a href='https:\/\/www.amante-menden.de\/?attachment_id=491'><img loading=\"lazy\" decoding=\"async\" width=\"150\" height=\"150\" src=\"https:\/\/www.amante-menden.de\/wordpress\/wp-content\/uploads\/2015\/06\/71-150x150.jpg\" class=\"attachment-thumbnail size-thumbnail\" alt=\"\" srcset=\"https:\/\/www.amante-menden.de\/wordpress\/wp-content\/uploads\/2015\/06\/71-150x150.jpg 150w, https:\/\/www.amante-menden.de\/wordpress\/wp-content\/uploads\/2015\/06\/71-144x144.jpg 144w\" sizes=\"auto, (max-width: 150px) 100vw, 150px\" \/><\/a>\n\t\t\t<\/dt><\/dl><dl class='gallery-item'>\n\t\t\t<dt class='gallery-icon landscape'>\n\t\t\t\t<a href='https:\/\/www.amante-menden.de\/?attachment_id=490'><img loading=\"lazy\" decoding=\"async\" width=\"150\" height=\"150\" src=\"https:\/\/www.amante-menden.de\/wordpress\/wp-content\/uploads\/2015\/06\/61-150x150.jpg\" class=\"attachment-thumbnail size-thumbnail\" alt=\"\" srcset=\"https:\/\/www.amante-menden.de\/wordpress\/wp-content\/uploads\/2015\/06\/61-150x150.jpg 150w, https:\/\/www.amante-menden.de\/wordpress\/wp-content\/uploads\/2015\/06\/61-144x144.jpg 144w\" sizes=\"auto, (max-width: 150px) 100vw, 150px\" \/><\/a>\n\t\t\t<\/dt><\/dl><br style=\"clear: both\" \/><dl class='gallery-item'>\n\t\t\t<dt class='gallery-icon landscape'>\n\t\t\t\t<a href='https:\/\/www.amante-menden.de\/?attachment_id=489'><img loading=\"lazy\" decoding=\"async\" width=\"150\" height=\"150\" src=\"https:\/\/www.amante-menden.de\/wordpress\/wp-content\/uploads\/2015\/06\/51-150x150.jpg\" class=\"attachment-thumbnail size-thumbnail\" alt=\"\" srcset=\"https:\/\/www.amante-menden.de\/wordpress\/wp-content\/uploads\/2015\/06\/51-150x150.jpg 150w, https:\/\/www.amante-menden.de\/wordpress\/wp-content\/uploads\/2015\/06\/51-144x144.jpg 144w\" sizes=\"auto, (max-width: 150px) 100vw, 150px\" \/><\/a>\n\t\t\t<\/dt><\/dl><dl class='gallery-item'>\n\t\t\t<dt class='gallery-icon landscape'>\n\t\t\t\t<a href='https:\/\/www.amante-menden.de\/?attachment_id=488'><img loading=\"lazy\" decoding=\"async\" width=\"150\" height=\"150\" src=\"https:\/\/www.amante-menden.de\/wordpress\/wp-content\/uploads\/2015\/06\/41-150x150.jpg\" class=\"attachment-thumbnail size-thumbnail\" alt=\"\" srcset=\"https:\/\/www.amante-menden.de\/wordpress\/wp-content\/uploads\/2015\/06\/41-150x150.jpg 150w, https:\/\/www.amante-menden.de\/wordpress\/wp-content\/uploads\/2015\/06\/41-144x144.jpg 144w\" sizes=\"auto, (max-width: 150px) 100vw, 150px\" \/><\/a>\n\t\t\t<\/dt><\/dl><dl class='gallery-item'>\n\t\t\t<dt class='gallery-icon landscape'>\n\t\t\t\t<a href='https:\/\/www.amante-menden.de\/?attachment_id=487'><img loading=\"lazy\" decoding=\"async\" width=\"150\" height=\"150\" src=\"https:\/\/www.amante-menden.de\/wordpress\/wp-content\/uploads\/2015\/06\/31-150x150.jpg\" class=\"attachment-thumbnail size-thumbnail\" alt=\"\" srcset=\"https:\/\/www.amante-menden.de\/wordpress\/wp-content\/uploads\/2015\/06\/31-150x150.jpg 150w, https:\/\/www.amante-menden.de\/wordpress\/wp-content\/uploads\/2015\/06\/31-144x144.jpg 144w\" sizes=\"auto, (max-width: 150px) 100vw, 150px\" \/><\/a>\n\t\t\t<\/dt><\/dl><br style=\"clear: both\" \/><dl class='gallery-item'>\n\t\t\t<dt class='gallery-icon landscape'>\n\t\t\t\t<a href='https:\/\/www.amante-menden.de\/?attachment_id=486'><img loading=\"lazy\" decoding=\"async\" width=\"150\" height=\"150\" src=\"https:\/\/www.amante-menden.de\/wordpress\/wp-content\/uploads\/2015\/06\/21-150x150.jpg\" class=\"attachment-thumbnail size-thumbnail\" alt=\"\" srcset=\"https:\/\/www.amante-menden.de\/wordpress\/wp-content\/uploads\/2015\/06\/21-150x150.jpg 150w, https:\/\/www.amante-menden.de\/wordpress\/wp-content\/uploads\/2015\/06\/21-144x144.jpg 144w\" sizes=\"auto, (max-width: 150px) 100vw, 150px\" \/><\/a>\n\t\t\t<\/dt><\/dl><dl class='gallery-item'>\n\t\t\t<dt class='gallery-icon landscape'>\n\t\t\t\t<a href='https:\/\/www.amante-menden.de\/?attachment_id=485'><img loading=\"lazy\" decoding=\"async\" width=\"150\" height=\"150\" src=\"https:\/\/www.amante-menden.de\/wordpress\/wp-content\/uploads\/2015\/06\/1-150x150.jpg\" class=\"attachment-thumbnail size-thumbnail\" alt=\"\" srcset=\"https:\/\/www.amante-menden.de\/wordpress\/wp-content\/uploads\/2015\/06\/1-150x150.jpg 150w, https:\/\/www.amante-menden.de\/wordpress\/wp-content\/uploads\/2015\/06\/1-144x144.jpg 144w\" sizes=\"auto, (max-width: 150px) 100vw, 150px\" \/><\/a>\n\t\t\t<\/dt><\/dl><dl class='gallery-item'>\n\t\t\t<dt class='gallery-icon landscape'>\n\t\t\t\t<a href='https:\/\/www.amante-menden.de\/?attachment_id=484'><img loading=\"lazy\" decoding=\"async\" width=\"150\" height=\"150\" src=\"https:\/\/www.amante-menden.de\/wordpress\/wp-content\/uploads\/2015\/06\/0-150x150.jpg\" class=\"attachment-thumbnail size-thumbnail\" alt=\"\" srcset=\"https:\/\/www.amante-menden.de\/wordpress\/wp-content\/uploads\/2015\/06\/0-150x150.jpg 150w, https:\/\/www.amante-menden.de\/wordpress\/wp-content\/uploads\/2015\/06\/0-144x144.jpg 144w\" sizes=\"auto, (max-width: 150px) 100vw, 150px\" \/><\/a>\n\t\t\t<\/dt><\/dl><br style=\"clear: both\" \/>\n\t\t<\/div>\n\n<p align=\"justify\">\n","protected":false},"excerpt":{"rendered":"<p>Bilder: Thomas Krumm \/ S\u00fcderl\u00e4nder Volksfreund Musikverein Amicitia 1796 Garbeck. e.V. [mehr] Balver H\u00f6hle [mehr] Festspiele Balver H\u00f6hle [mehr] Bericht Westfalenpost [mehr] Fotostrecke Westfalenpost [mehr] Bericht S\u00fcderl\u00e4nder Volksfreund [mehr] Fotostrecke S\u00fcderl\u00e4nder Volksfreund [mehr] Beeindruckend, mitrei\u00dfend, faszinierend: amante della musica menden &hellip; <a href=\"https:\/\/www.amante-menden.de\/?page_id=482\">Weiterlesen <span class=\"meta-nav\">&rarr;<\/span><\/a><\/p>\n","protected":false},"author":1,"featured_media":0,"parent":156,"menu_order":134,"comment_status":"closed","ping_status":"closed","template":"","meta":{"footnotes":""},"class_list":["post-482","page","type-page","status-publish","hentry"],"_links":{"self":[{"href":"https:\/\/www.amante-menden.de\/index.php?rest_route=\/wp\/v2\/pages\/482","targetHints":{"allow":["GET"]}}],"collection":[{"href":"https:\/\/www.amante-menden.de\/index.php?rest_route=\/wp\/v2\/pages"}],"about":[{"href":"https:\/\/www.amante-menden.de\/index.php?rest_route=\/wp\/v2\/types\/page"}],"author":[{"embeddable":true,"href":"https:\/\/www.amante-menden.de\/index.php?rest_route=\/wp\/v2\/users\/1"}],"replies":[{"embeddable":true,"href":"https:\/\/www.amante-menden.de\/index.php?rest_route=%2Fwp%2Fv2%2Fcomments&post=482"}],"version-history":[{"count":3,"href":"https:\/\/www.amante-menden.de\/index.php?rest_route=\/wp\/v2\/pages\/482\/revisions"}],"predecessor-version":[{"id":505,"href":"https:\/\/www.amante-menden.de\/index.php?rest_route=\/wp\/v2\/pages\/482\/revisions\/505"}],"up":[{"embeddable":true,"href":"https:\/\/www.amante-menden.de\/index.php?rest_route=\/wp\/v2\/pages\/156"}],"wp:attachment":[{"href":"https:\/\/www.amante-menden.de\/index.php?rest_route=%2Fwp%2Fv2%2Fmedia&parent=482"}],"curies":[{"name":"wp","href":"https:\/\/api.w.org\/{rel}","templated":true}]}}