{"id":4986,"date":"2025-01-08T14:31:20","date_gmt":"2025-01-08T12:31:20","guid":{"rendered":"https:\/\/www.amante-menden.de\/?page_id=4986"},"modified":"2025-05-01T12:35:56","modified_gmt":"2025-05-01T10:35:56","slug":"feierlicher-jahresabschluss-aller-mendener-schuetzen","status":"publish","type":"page","link":"https:\/\/www.amante-menden.de\/?page_id=4986","title":{"rendered":"Feierlicher Jahresabschluss aller Mendener Sch\u00fctzen"},"content":{"rendered":"\n<p>Bericht und Bilder Westfalenpost Peter Benedickt<\/p>\n\n\n\n<p>Menden.&nbsp;Es waren wieder einmal besinnliche Minuten, als sich die Abordnungen aller Mendener Sch\u00fctzenvereine zum \u00f6kumenischen Gottesdienst trafen.<\/p>\n\n\n\n<p>Die Augen von&nbsp;<strong>Pastor J\u00fcrgen Senkbeil<\/strong>&nbsp;strahlten, als er mit&nbsp;<strong>Bezirkspr\u00e4ses Pastor J\u00f6rg Cordes und Pfarrer Marion Huhn<\/strong>&nbsp;an seiner Seite die Vincenzkirche betrat und die vielen Gottesdienstbesucher erblickte. Kein Platz blieb frei, einige mussten sogar stehen. Zudem so viele Majest\u00e4ten sonst nur auf dem Kreisssch\u00fctzenfest zu sehen sind. Der Einladung des \u201eTr\u00e4gervereins zur F\u00f6rderung des Sch\u00fctzenwesens in Menden\u201c zum feierlichen Abschluss des Jahres folgten wieder einmal K\u00f6nigspaare, die Offiziere in ihren prunkvollen Uniformen sowie zahlreiche Sch\u00fctzen und interessierte B\u00fcrgerinnen und B\u00fcrger, so dass das Gotteshaus sehr gut gef\u00fcllt war. Diesen Gottesdienst gibt es bereits seit der 700-Jahrfeier der H\u00f6nnestadt 1976, nur Corona konnte f\u00fcr eine Unterbrechung sorgen.<\/p>\n\n\n\n<h3 class=\"wp-block-heading\">Ein pr\u00e4gender Anblick<\/h3>\n\n\n\n<p>Hausherr Pfarrer J\u00fcrgen Senkbeil begr\u00fc\u00dfte neben dem Vorsitzenden des Tr\u00e4gervereins,<strong>&nbsp;Frank Westhoff<\/strong>, auch Stefan Tremmel, den Bundesoberst im Sauerl\u00e4nder&nbsp;Sch\u00fctzenbund. Dazu konnte er B\u00fcrgermeister Dr. Roland Schr\u00f6der ebenso willkommen hei\u00dfen wie den Bundestagsabgeordneten Paul Ziemiak (CDU) und das Mitglied im D\u00fcsseldorfer Landtag Matthias Eggers (CDU).<\/p>\n\n\n\n<p>Feierlich zogen die Fahnentr\u00e4ger unter den Kl\u00e4ngen des&nbsp;<strong>Fanfaren-Corps Kolping Lendringsen, Leitung Edina Bunse und Manuael Westermann<\/strong>, durch den Mittelgang, hielten kurz inne, neigten ihre Standarte vor dem Kreuz und nahmen dann links und rechts des Altars Aufstellung. \u201eDieser Anblick ist nicht nur w\u00fcrdig, sondern ein pr\u00e4gendes Erlebnis\u201c, best\u00e4tigte J\u00fcrgen Senkbeil, bevor er auf das langsam zur Neige gehende 2024 blickte. \u201eDieses Jahr hat uns einiges zugemutet, ich erw\u00e4hne nur den nicht endenden Krieg in der Ukraine, Syrien, Israel und Gaza, die Anschl\u00e4ge auch bei uns in Deutschland, in Solingen oder gerade eben in Magdeburg\u201c, f\u00fchrte er aus. \u201eDazu kommen die Klimaph\u00e4nomene, die steigenden Preise, das Aus unserer Regierung, der Ampel.\u201c Jesus habe seinen J\u00fcngern den Frieden zugesprochen und danach sehnen sich die Menschen, doch davon sei die Welt im Moment einiges entfernt.<\/p>\n\n\n\n<figure class=\"wp-block-image\"><img decoding=\"async\" src=\"https:\/\/img.sparknews.funkemedien.de\/407992645\/407992645_1735730445_v16_9_1200.jpeg\" alt=\"Sch\u00fctzen-Abschlussgottesdienst\" title=\"Von links: Bundespr\u00e4ses Pastor J\u00f6rg Cordes, Pfarrer J\u00fcrgen Senkbeil (Leiter Pastoralverbund Menden) und Marion Huhn (Evangelische Kirchengemeinde Menden) gestalteten den Gottesdienst.\"\/><figcaption class=\"wp-element-caption\">Von links: Bundespr\u00e4ses Pastor J\u00f6rg Cordes, Pfarrer J\u00fcrgen Senkbeil (Leiter Pastoralverbund Menden) und Mario Huhn (Evangelische Kirchengemeinde Menden) gestalteten den Gottesdienst.\u00a9 WP Menden | Peter Benedickt<\/figcaption><\/figure>\n\n\n\n<p>Der&nbsp;<strong>Chor \u201eamante della musica\u201c (Leitung Stefan Risse)<\/strong>&nbsp;sorgte f\u00fcr besondere Momente, denn es gab kaum jemanden, dem bei \u201eJoy to the World\u201c nicht ein Schauer \u00fcber den R\u00fccken lief. Eingestimmt hatte die Anwesenden bereits das Fanfaren-Corps mit der \u201eTochter Zion\u201c, welches in der Akustik des hohen Kirchenschiffs speziell intensiv erschallte. Den Gesang der Gemeinde begleitete Paul Ki\u00dfmer an der Orgel.<\/p>\n\n\n\n<blockquote class=\"wp-block-quote is-layout-flow wp-block-quote-is-layout-flow\">\n<p><\/p>\n\n\n\n<p>In seiner Predigt bezeichnete Pfarrer Mario Huhn das Jahr 2024 nicht als perfektes Jahr, trotzdem solle sich jeder noch einmal besinnen auf die zur\u00fcckliegenden Monate. Denn es wurde einiges vollbracht, was bleibt: Das Erlebnis Olympia in Paris, die Fu\u00dfballeuropameisterschaft im eigenen Land mit begeisterten Besuchern vom ganzen Kontinent. Es sollte Danke gesagt werden f\u00fcr die tollen Tage bei den Sch\u00fctzenfesten: \u201eHier zeigte sich die starke Gemeinschaft in allen Vereinen.\u201c Und Danke sollte auch gesagt werden f\u00fcr den einen Tag mehr, denn es gab den&nbsp;<strong>29. Februar<\/strong>: \u201eWer erinnert sich denn noch, was er in diesen zus\u00e4tzlichen Stunden gemacht hat?\u201c Er brachte das Gleichnis vom Unkraut unter dem Weizen aus dem Matthias-Evangelium: \u201eAuch wenn vieles im Leben Negativ erscheint, so k\u00f6nnen wir doch sicher sein, dass sich das gute Getreide, der Weizen, immer als st\u00e4rker erweist.\u201c<\/p>\n<\/blockquote>\n\n\n\n<figure class=\"wp-block-image\"><img decoding=\"async\" src=\"https:\/\/img.sparknews.funkemedien.de\/407992650\/407992650_1735730442_v16_9_1200.jpeg\" alt=\"Sch\u00fctzen-Abschlussgottesdienst\" title=\"Auch Ende 2024 hatte der \"\/><figcaption class=\"wp-element-caption\">Auch Ende 2024 hatte der &#8222;Tr\u00e4gerverein zur F\u00f6rderung des Sch\u00fctzenwesens in Menden&#8220; zum \u00f6kumenischen Jahresabschlussgottesdienst in St. Vincenz eingeladen.&nbsp;\u00a9 WP Menden | Peter Benedickt<\/figcaption><\/figure>\n\n\n\n<p>Seit 1986 gibt es die&nbsp;<strong>Martinsspende<\/strong>, von den Sch\u00fctzenvereinen ins Leben gerufen, und auch am Ende des Jahres 2024 geht die Kollekte dahin. Pfarrer J\u00fcrgen Senkbeil zeigte sich \u00fcberw\u00e4ltigt: \u201eIch m\u00f6chte nur eine Zahl erw\u00e4hnen, in den letzten zehn Jahren kamen stolze und unglaubliche 16.359,50 Euro zusammen, die bed\u00fcrftigen Menschen vollumf\u00e4nglich zugute kamen, es ist eine gro\u00dfartige Aktion.\u201c Dann verwies er darauf, dass auch im engsten Umfeld gro\u00dfe Not herrsche: \u201eEs ist kaum zu glauben, aber bei mir im B\u00fcro erscheinen Menschen, die haben Hunger, k\u00f6nnen sich keine Lebensmittel leisten.\u201c Da werde durch die Martinsspende unb\u00fcrokratisch geholfen, das Leid ein bisschen zu lindern: \u201eOhne euer offenes Herz w\u00e4re dies sonst kaum m\u00f6glich und \u00f6ffnet es auch heute.\u201c<\/p>\n\n\n\n<figure class=\"wp-block-image\"><img decoding=\"async\" src=\"https:\/\/img.sparknews.funkemedien.de\/407992649\/407992649_1735730443_v16_9_1200.jpeg\" alt=\"Sch\u00fctzen-Abschlussgottesdienst\" title=\"Auch Ende 2024 hatte der \"\/><figcaption class=\"wp-element-caption\">Auch Ende 2024 hatte der &#8222;Tr\u00e4gerverein zur F\u00f6rderung des Sch\u00fctzenwesens in Menden&#8220; zum \u00f6kumenischen Jahresabschlussgottesdienst in St. Vincenz eingeladen.&nbsp;\u00a9 WP Menden | Peter Benedickt<\/figcaption><\/figure>\n\n\n\n<p>Die F\u00fcrbitten trugen Mitglieder der&nbsp;<strong>Sch\u00fctzenbruderschaft \u201eSt. Hubertus Menden-Nord\u201c<\/strong>&nbsp;vor, bevor die Gemeinde gemeinsam das \u201eVater unser\u201c betete. Nachdem der Chor \u201eMary did you now\u201c anstimmte, zogen die Fahnenabordnungen unter den Fanfarenkl\u00e4ngen von \u201eTrumpet Voluntary\u201c aus der Kirche aus.<\/p>\n","protected":false},"excerpt":{"rendered":"<p>Bericht und Bilder Westfalenpost Peter Benedickt Menden.&nbsp;Es waren wieder einmal besinnliche Minuten, als sich die Abordnungen aller Mendener Sch\u00fctzenvereine zum \u00f6kumenischen Gottesdienst trafen. Die Augen von&nbsp;Pastor J\u00fcrgen Senkbeil&nbsp;strahlten, als er mit&nbsp;Bezirkspr\u00e4ses Pastor J\u00f6rg Cordes und Pfarrer Marion Huhn&nbsp;an seiner Seite &hellip; <a href=\"https:\/\/www.amante-menden.de\/?page_id=4986\">Weiterlesen <span class=\"meta-nav\">&rarr;<\/span><\/a><\/p>\n","protected":false},"author":1,"featured_media":0,"parent":4558,"menu_order":249,"comment_status":"closed","ping_status":"closed","template":"","meta":{"footnotes":""},"class_list":["post-4986","page","type-page","status-publish","hentry"],"_links":{"self":[{"href":"https:\/\/www.amante-menden.de\/index.php?rest_route=\/wp\/v2\/pages\/4986","targetHints":{"allow":["GET"]}}],"collection":[{"href":"https:\/\/www.amante-menden.de\/index.php?rest_route=\/wp\/v2\/pages"}],"about":[{"href":"https:\/\/www.amante-menden.de\/index.php?rest_route=\/wp\/v2\/types\/page"}],"author":[{"embeddable":true,"href":"https:\/\/www.amante-menden.de\/index.php?rest_route=\/wp\/v2\/users\/1"}],"replies":[{"embeddable":true,"href":"https:\/\/www.amante-menden.de\/index.php?rest_route=%2Fwp%2Fv2%2Fcomments&post=4986"}],"version-history":[{"count":2,"href":"https:\/\/www.amante-menden.de\/index.php?rest_route=\/wp\/v2\/pages\/4986\/revisions"}],"predecessor-version":[{"id":5043,"href":"https:\/\/www.amante-menden.de\/index.php?rest_route=\/wp\/v2\/pages\/4986\/revisions\/5043"}],"up":[{"embeddable":true,"href":"https:\/\/www.amante-menden.de\/index.php?rest_route=\/wp\/v2\/pages\/4558"}],"wp:attachment":[{"href":"https:\/\/www.amante-menden.de\/index.php?rest_route=%2Fwp%2Fv2%2Fmedia&parent=4986"}],"curies":[{"name":"wp","href":"https:\/\/api.w.org\/{rel}","templated":true}]}}