{"id":4993,"date":"2025-01-08T14:39:52","date_gmt":"2025-01-08T12:39:52","guid":{"rendered":"https:\/\/www.amante-menden.de\/?page_id=4993"},"modified":"2025-01-08T14:39:52","modified_gmt":"2025-01-08T12:39:52","slug":"amante-della-musica-menden-erhaelt-den-heimatpreis-2024-der-stadt-menden","status":"publish","type":"page","link":"https:\/\/www.amante-menden.de\/?page_id=4993","title":{"rendered":"amante della musica menden erh\u00e4lt den Heimatpreis 2024 der Stadt Menden"},"content":{"rendered":"\n<p>In feierlichem Rahmen durfte der Vorstand von amante della musica menden am 16. November 2024 als Zweitplatzierter den Heimatpreis 2024 der Stadt Menden entgegennehmen, der an Mendener und Mendenerinnen vergeben wird, die sich in besonderer Weise ehrenamtlich engagieren, um Traditionen zu erhalten, Brauchtum zu pflegen, das regionale Mendener Erbe zu erhalten und zu st\u00e4rken und sich f\u00fcr die Vielfalt in Menden einsetzen.<\/p>\n\n\n\n<p>Wir freuen uns unglaublich \u00fcber diesen Preis und dar\u00fcber, dass das Ehrenamt, das in allen Bereichen unserer Gesellschaft unverzichtbar ist, gew\u00fcrdigt wird.<br><br>Herzlichen Dank!<\/p>\n\n\n\n<figure class=\"wp-block-image\"><a href=\"https:\/\/www.amante-menden.de\/wordpress\/wp-content\/uploads\/2024\/11\/IMG_5547-3-scaled.jpg\"><img loading=\"lazy\" decoding=\"async\" width=\"576\" height=\"1024\" src=\"https:\/\/www.amante-menden.de\/wordpress\/wp-content\/uploads\/2024\/11\/IMG_5547-3-576x1024.jpg\" alt=\"\" class=\"wp-image-4978\" srcset=\"https:\/\/www.amante-menden.de\/wordpress\/wp-content\/uploads\/2024\/11\/IMG_5547-3-576x1024.jpg 576w, https:\/\/www.amante-menden.de\/wordpress\/wp-content\/uploads\/2024\/11\/IMG_5547-3-169x300.jpg 169w, https:\/\/www.amante-menden.de\/wordpress\/wp-content\/uploads\/2024\/11\/IMG_5547-3-768x1365.jpg 768w, https:\/\/www.amante-menden.de\/wordpress\/wp-content\/uploads\/2024\/11\/IMG_5547-3-864x1536.jpg 864w, https:\/\/www.amante-menden.de\/wordpress\/wp-content\/uploads\/2024\/11\/IMG_5547-3-1152x2048.jpg 1152w, https:\/\/www.amante-menden.de\/wordpress\/wp-content\/uploads\/2024\/11\/IMG_5547-3-scaled.jpg 1440w\" sizes=\"auto, (max-width: 576px) 100vw, 576px\" \/><\/a><figcaption class=\"wp-element-caption\">Mendens B\u00fcrgermeister Dr. Roland Schr\u00f6der er\u00f6ffnete die feierliche Preisverleihung des Heimatpreises 2024 im Kaminzimmer des Industriemuseums Gut R\u00f6dinghausen<\/figcaption><\/figure>\n\n\n\n<figure class=\"wp-block-image\"><a href=\"https:\/\/www.amante-menden.de\/wordpress\/wp-content\/uploads\/2024\/11\/0040889a-35f0-478a-94dc-1ab1266d1dc1-8.jpg\"><img loading=\"lazy\" decoding=\"async\" width=\"1024\" height=\"897\" src=\"https:\/\/www.amante-menden.de\/wordpress\/wp-content\/uploads\/2024\/11\/0040889a-35f0-478a-94dc-1ab1266d1dc1-8-1024x897.jpg\" alt=\"\" class=\"wp-image-4979\" srcset=\"https:\/\/www.amante-menden.de\/wordpress\/wp-content\/uploads\/2024\/11\/0040889a-35f0-478a-94dc-1ab1266d1dc1-8-1024x897.jpg 1024w, https:\/\/www.amante-menden.de\/wordpress\/wp-content\/uploads\/2024\/11\/0040889a-35f0-478a-94dc-1ab1266d1dc1-8-300x263.jpg 300w, https:\/\/www.amante-menden.de\/wordpress\/wp-content\/uploads\/2024\/11\/0040889a-35f0-478a-94dc-1ab1266d1dc1-8-768x673.jpg 768w, https:\/\/www.amante-menden.de\/wordpress\/wp-content\/uploads\/2024\/11\/0040889a-35f0-478a-94dc-1ab1266d1dc1-8-1536x1346.jpg 1536w, https:\/\/www.amante-menden.de\/wordpress\/wp-content\/uploads\/2024\/11\/0040889a-35f0-478a-94dc-1ab1266d1dc1-8.jpg 2048w\" sizes=\"auto, (max-width: 1024px) 100vw, 1024px\" \/><\/a><\/figure>\n\n\n\n<p>Der Landtagsabgeordnete Matthias Eggers \u00fcberreichte den Heimatpreis nach seiner Laudatio an den 1. Vorsitzenden, Thorsten G\u00fcnner<\/p>\n\n\n\n<figure class=\"wp-block-image\"><a href=\"https:\/\/www.amante-menden.de\/wordpress\/wp-content\/uploads\/2024\/11\/IMG_5548-2.jpg\"><img loading=\"lazy\" decoding=\"async\" width=\"1024\" height=\"685\" src=\"https:\/\/www.amante-menden.de\/wordpress\/wp-content\/uploads\/2024\/11\/IMG_5548-2-1024x685.jpg\" alt=\"\" class=\"wp-image-4953\" srcset=\"https:\/\/www.amante-menden.de\/wordpress\/wp-content\/uploads\/2024\/11\/IMG_5548-2-1024x685.jpg 1024w, https:\/\/www.amante-menden.de\/wordpress\/wp-content\/uploads\/2024\/11\/IMG_5548-2-300x201.jpg 300w, https:\/\/www.amante-menden.de\/wordpress\/wp-content\/uploads\/2024\/11\/IMG_5548-2-768x514.jpg 768w, https:\/\/www.amante-menden.de\/wordpress\/wp-content\/uploads\/2024\/11\/IMG_5548-2-1536x1028.jpg 1536w, https:\/\/www.amante-menden.de\/wordpress\/wp-content\/uploads\/2024\/11\/IMG_5548-2-2048x1371.jpg 2048w\" sizes=\"auto, (max-width: 1024px) 100vw, 1024px\" \/><\/a><figcaption class=\"wp-element-caption\">Im Anschluss an die Preisverleihung kam der amante-Vorstand noch einmal f\u00fcr ein Gruppenbild mit Mendens B\u00fcrgermeister Dr. Roland Schr\u00f6der (rechts) sowie Matthias Eggers (links) zusammen<\/figcaption><\/figure>\n","protected":false},"excerpt":{"rendered":"<p>In feierlichem Rahmen durfte der Vorstand von amante della musica menden am 16. November 2024 als Zweitplatzierter den Heimatpreis 2024 der Stadt Menden entgegennehmen, der an Mendener und Mendenerinnen vergeben wird, die sich in besonderer Weise ehrenamtlich engagieren, um Traditionen &hellip; <a href=\"https:\/\/www.amante-menden.de\/?page_id=4993\">Weiterlesen <span class=\"meta-nav\">&rarr;<\/span><\/a><\/p>\n","protected":false},"author":1,"featured_media":0,"parent":4558,"menu_order":248,"comment_status":"closed","ping_status":"closed","template":"","meta":{"footnotes":""},"class_list":["post-4993","page","type-page","status-publish","hentry"],"_links":{"self":[{"href":"https:\/\/www.amante-menden.de\/index.php?rest_route=\/wp\/v2\/pages\/4993","targetHints":{"allow":["GET"]}}],"collection":[{"href":"https:\/\/www.amante-menden.de\/index.php?rest_route=\/wp\/v2\/pages"}],"about":[{"href":"https:\/\/www.amante-menden.de\/index.php?rest_route=\/wp\/v2\/types\/page"}],"author":[{"embeddable":true,"href":"https:\/\/www.amante-menden.de\/index.php?rest_route=\/wp\/v2\/users\/1"}],"replies":[{"embeddable":true,"href":"https:\/\/www.amante-menden.de\/index.php?rest_route=%2Fwp%2Fv2%2Fcomments&post=4993"}],"version-history":[{"count":1,"href":"https:\/\/www.amante-menden.de\/index.php?rest_route=\/wp\/v2\/pages\/4993\/revisions"}],"predecessor-version":[{"id":4994,"href":"https:\/\/www.amante-menden.de\/index.php?rest_route=\/wp\/v2\/pages\/4993\/revisions\/4994"}],"up":[{"embeddable":true,"href":"https:\/\/www.amante-menden.de\/index.php?rest_route=\/wp\/v2\/pages\/4558"}],"wp:attachment":[{"href":"https:\/\/www.amante-menden.de\/index.php?rest_route=%2Fwp%2Fv2%2Fmedia&parent=4993"}],"curies":[{"name":"wp","href":"https:\/\/api.w.org\/{rel}","templated":true}]}}