{"id":560,"date":"2015-06-03T21:09:12","date_gmt":"2015-06-03T19:09:12","guid":{"rendered":"http:\/\/amante-menden.de\/wordpress\/?page_id=560"},"modified":"2015-06-16T15:16:56","modified_gmt":"2015-06-16T13:16:56","slug":"probenwochenende-2013","status":"publish","type":"page","link":"https:\/\/www.amante-menden.de\/?page_id=560","title":{"rendered":"Probenwochenende 2013"},"content":{"rendered":"<h3>amante bereitet sich mit Prof. Fritz ter Wey auf den richtigen Klang f\u00fcr das Meisterchorsingen 2014 vor<\/h3>\n<p><a href=\"http:\/\/amante-menden.de\/wordpress\/wp-content\/uploads\/2015\/06\/IMG_1925-e1433358938271.jpg\"><img loading=\"lazy\" decoding=\"async\" class=\"alignnone size-large wp-image-576\" src=\"http:\/\/amante-menden.de\/wordpress\/wp-content\/uploads\/2015\/06\/IMG_1925-e1433358938271-1024x589.jpg\" alt=\"IMG_1925\" width=\"640\" height=\"368\" srcset=\"https:\/\/www.amante-menden.de\/wordpress\/wp-content\/uploads\/2015\/06\/IMG_1925-e1433358938271-1024x589.jpg 1024w, https:\/\/www.amante-menden.de\/wordpress\/wp-content\/uploads\/2015\/06\/IMG_1925-e1433358938271-300x173.jpg 300w, https:\/\/www.amante-menden.de\/wordpress\/wp-content\/uploads\/2015\/06\/IMG_1925-e1433358938271-900x518.jpg 900w\" sizes=\"auto, (max-width: 640px) 100vw, 640px\" \/><\/a><\/p>\n<p style=\"text-align: justify;\">Mit einem dreit\u00e4gigen Probewochenende im Tagungs- und Bildungszentrum Auf dem Ahorn in Wiblingwerde hat sich der Chor amante della musica menden vom 4. bis 6. Oktober 2013 intensiv auf das Meisterchorsingen 2014 vorbereitet. Den kompletten Samstag war Prof. Fritz ter Wey aus Aachen zum Coaching zu Gast im M\u00e4rkischen Kreis. Dazu kamen etliche weitere Probephasen mit Chorleiter Luc vanden Broek, der die Aktiven f\u00fcr ihre gro\u00dfe Konzentration, Kondition und Leistungsbereitschaft lobte.<\/p>\n<div id='gallery-1' class='gallery galleryid-560 gallery-columns-3 gallery-size-thumbnail'><dl class='gallery-item'>\n\t\t\t<dt class='gallery-icon landscape'>\n\t\t\t\t<a href='https:\/\/www.amante-menden.de\/?attachment_id=562'><img loading=\"lazy\" decoding=\"async\" width=\"150\" height=\"150\" src=\"https:\/\/www.amante-menden.de\/wordpress\/wp-content\/uploads\/2015\/06\/16-150x150.jpg\" class=\"attachment-thumbnail size-thumbnail\" alt=\"\" srcset=\"https:\/\/www.amante-menden.de\/wordpress\/wp-content\/uploads\/2015\/06\/16-150x150.jpg 150w, https:\/\/www.amante-menden.de\/wordpress\/wp-content\/uploads\/2015\/06\/16-144x144.jpg 144w\" sizes=\"auto, (max-width: 150px) 100vw, 150px\" \/><\/a>\n\t\t\t<\/dt><\/dl><dl class='gallery-item'>\n\t\t\t<dt class='gallery-icon landscape'>\n\t\t\t\t<a href='https:\/\/www.amante-menden.de\/?attachment_id=563'><img loading=\"lazy\" decoding=\"async\" width=\"150\" height=\"150\" src=\"https:\/\/www.amante-menden.de\/wordpress\/wp-content\/uploads\/2015\/06\/23-150x150.jpg\" class=\"attachment-thumbnail size-thumbnail\" alt=\"\" srcset=\"https:\/\/www.amante-menden.de\/wordpress\/wp-content\/uploads\/2015\/06\/23-150x150.jpg 150w, https:\/\/www.amante-menden.de\/wordpress\/wp-content\/uploads\/2015\/06\/23-144x144.jpg 144w\" sizes=\"auto, (max-width: 150px) 100vw, 150px\" \/><\/a>\n\t\t\t<\/dt><\/dl><dl class='gallery-item'>\n\t\t\t<dt class='gallery-icon landscape'>\n\t\t\t\t<a href='https:\/\/www.amante-menden.de\/?attachment_id=564'><img loading=\"lazy\" decoding=\"async\" width=\"150\" height=\"150\" src=\"https:\/\/www.amante-menden.de\/wordpress\/wp-content\/uploads\/2015\/06\/32-150x150.jpg\" class=\"attachment-thumbnail size-thumbnail\" alt=\"\" srcset=\"https:\/\/www.amante-menden.de\/wordpress\/wp-content\/uploads\/2015\/06\/32-150x150.jpg 150w, https:\/\/www.amante-menden.de\/wordpress\/wp-content\/uploads\/2015\/06\/32-144x144.jpg 144w\" sizes=\"auto, (max-width: 150px) 100vw, 150px\" \/><\/a>\n\t\t\t<\/dt><\/dl><br style=\"clear: both\" \/><dl class='gallery-item'>\n\t\t\t<dt class='gallery-icon landscape'>\n\t\t\t\t<a href='https:\/\/www.amante-menden.de\/?attachment_id=565'><img loading=\"lazy\" decoding=\"async\" width=\"150\" height=\"150\" src=\"https:\/\/www.amante-menden.de\/wordpress\/wp-content\/uploads\/2015\/06\/42-150x150.jpg\" class=\"attachment-thumbnail size-thumbnail\" alt=\"\" srcset=\"https:\/\/www.amante-menden.de\/wordpress\/wp-content\/uploads\/2015\/06\/42-150x150.jpg 150w, https:\/\/www.amante-menden.de\/wordpress\/wp-content\/uploads\/2015\/06\/42-144x144.jpg 144w\" sizes=\"auto, (max-width: 150px) 100vw, 150px\" \/><\/a>\n\t\t\t<\/dt><\/dl><dl class='gallery-item'>\n\t\t\t<dt class='gallery-icon landscape'>\n\t\t\t\t<a href='https:\/\/www.amante-menden.de\/?attachment_id=566'><img loading=\"lazy\" decoding=\"async\" width=\"150\" height=\"150\" src=\"https:\/\/www.amante-menden.de\/wordpress\/wp-content\/uploads\/2015\/06\/52-150x150.jpg\" class=\"attachment-thumbnail size-thumbnail\" alt=\"\" srcset=\"https:\/\/www.amante-menden.de\/wordpress\/wp-content\/uploads\/2015\/06\/52-150x150.jpg 150w, https:\/\/www.amante-menden.de\/wordpress\/wp-content\/uploads\/2015\/06\/52-144x144.jpg 144w\" sizes=\"auto, (max-width: 150px) 100vw, 150px\" \/><\/a>\n\t\t\t<\/dt><\/dl><dl class='gallery-item'>\n\t\t\t<dt class='gallery-icon landscape'>\n\t\t\t\t<a href='https:\/\/www.amante-menden.de\/?attachment_id=567'><img loading=\"lazy\" decoding=\"async\" width=\"150\" height=\"150\" src=\"https:\/\/www.amante-menden.de\/wordpress\/wp-content\/uploads\/2015\/06\/62-150x150.jpg\" class=\"attachment-thumbnail size-thumbnail\" alt=\"\" srcset=\"https:\/\/www.amante-menden.de\/wordpress\/wp-content\/uploads\/2015\/06\/62-150x150.jpg 150w, https:\/\/www.amante-menden.de\/wordpress\/wp-content\/uploads\/2015\/06\/62-144x144.jpg 144w\" sizes=\"auto, (max-width: 150px) 100vw, 150px\" \/><\/a>\n\t\t\t<\/dt><\/dl><br style=\"clear: both\" \/><dl class='gallery-item'>\n\t\t\t<dt class='gallery-icon landscape'>\n\t\t\t\t<a href='https:\/\/www.amante-menden.de\/?attachment_id=568'><img loading=\"lazy\" decoding=\"async\" width=\"150\" height=\"150\" src=\"https:\/\/www.amante-menden.de\/wordpress\/wp-content\/uploads\/2015\/06\/72-150x150.jpg\" class=\"attachment-thumbnail size-thumbnail\" alt=\"\" srcset=\"https:\/\/www.amante-menden.de\/wordpress\/wp-content\/uploads\/2015\/06\/72-150x150.jpg 150w, https:\/\/www.amante-menden.de\/wordpress\/wp-content\/uploads\/2015\/06\/72-144x144.jpg 144w\" sizes=\"auto, (max-width: 150px) 100vw, 150px\" \/><\/a>\n\t\t\t<\/dt><\/dl><dl class='gallery-item'>\n\t\t\t<dt class='gallery-icon landscape'>\n\t\t\t\t<a href='https:\/\/www.amante-menden.de\/?attachment_id=569'><img loading=\"lazy\" decoding=\"async\" width=\"150\" height=\"150\" src=\"https:\/\/www.amante-menden.de\/wordpress\/wp-content\/uploads\/2015\/06\/82-150x150.jpg\" class=\"attachment-thumbnail size-thumbnail\" alt=\"\" srcset=\"https:\/\/www.amante-menden.de\/wordpress\/wp-content\/uploads\/2015\/06\/82-150x150.jpg 150w, https:\/\/www.amante-menden.de\/wordpress\/wp-content\/uploads\/2015\/06\/82-144x144.jpg 144w\" sizes=\"auto, (max-width: 150px) 100vw, 150px\" \/><\/a>\n\t\t\t<\/dt><\/dl><dl class='gallery-item'>\n\t\t\t<dt class='gallery-icon landscape'>\n\t\t\t\t<a href='https:\/\/www.amante-menden.de\/?attachment_id=570'><img loading=\"lazy\" decoding=\"async\" width=\"150\" height=\"150\" src=\"https:\/\/www.amante-menden.de\/wordpress\/wp-content\/uploads\/2015\/06\/92-150x150.jpg\" class=\"attachment-thumbnail size-thumbnail\" alt=\"\" srcset=\"https:\/\/www.amante-menden.de\/wordpress\/wp-content\/uploads\/2015\/06\/92-150x150.jpg 150w, https:\/\/www.amante-menden.de\/wordpress\/wp-content\/uploads\/2015\/06\/92-144x144.jpg 144w\" sizes=\"auto, (max-width: 150px) 100vw, 150px\" \/><\/a>\n\t\t\t<\/dt><\/dl><br style=\"clear: both\" \/><dl class='gallery-item'>\n\t\t\t<dt class='gallery-icon landscape'>\n\t\t\t\t<a href='https:\/\/www.amante-menden.de\/?attachment_id=571'><img loading=\"lazy\" decoding=\"async\" width=\"150\" height=\"150\" src=\"https:\/\/www.amante-menden.de\/wordpress\/wp-content\/uploads\/2015\/06\/102-150x150.jpg\" class=\"attachment-thumbnail size-thumbnail\" alt=\"\" srcset=\"https:\/\/www.amante-menden.de\/wordpress\/wp-content\/uploads\/2015\/06\/102-150x150.jpg 150w, https:\/\/www.amante-menden.de\/wordpress\/wp-content\/uploads\/2015\/06\/102-144x144.jpg 144w\" sizes=\"auto, (max-width: 150px) 100vw, 150px\" \/><\/a>\n\t\t\t<\/dt><\/dl><dl class='gallery-item'>\n\t\t\t<dt class='gallery-icon landscape'>\n\t\t\t\t<a href='https:\/\/www.amante-menden.de\/?attachment_id=572'><img loading=\"lazy\" decoding=\"async\" width=\"150\" height=\"150\" src=\"https:\/\/www.amante-menden.de\/wordpress\/wp-content\/uploads\/2015\/06\/112-150x150.jpg\" class=\"attachment-thumbnail size-thumbnail\" alt=\"\" srcset=\"https:\/\/www.amante-menden.de\/wordpress\/wp-content\/uploads\/2015\/06\/112-150x150.jpg 150w, https:\/\/www.amante-menden.de\/wordpress\/wp-content\/uploads\/2015\/06\/112-144x144.jpg 144w\" sizes=\"auto, (max-width: 150px) 100vw, 150px\" \/><\/a>\n\t\t\t<\/dt><\/dl><dl class='gallery-item'>\n\t\t\t<dt class='gallery-icon landscape'>\n\t\t\t\t<a href='https:\/\/www.amante-menden.de\/?attachment_id=573'><img loading=\"lazy\" decoding=\"async\" width=\"150\" height=\"150\" src=\"https:\/\/www.amante-menden.de\/wordpress\/wp-content\/uploads\/2015\/06\/122-150x150.jpg\" class=\"attachment-thumbnail size-thumbnail\" alt=\"\" srcset=\"https:\/\/www.amante-menden.de\/wordpress\/wp-content\/uploads\/2015\/06\/122-150x150.jpg 150w, https:\/\/www.amante-menden.de\/wordpress\/wp-content\/uploads\/2015\/06\/122-144x144.jpg 144w\" sizes=\"auto, (max-width: 150px) 100vw, 150px\" \/><\/a>\n\t\t\t<\/dt><\/dl><br style=\"clear: both\" \/>\n\t\t<\/div>\n\n","protected":false},"excerpt":{"rendered":"<p>amante bereitet sich mit Prof. Fritz ter Wey auf den richtigen Klang f\u00fcr das Meisterchorsingen 2014 vor Mit einem dreit\u00e4gigen Probewochenende im Tagungs- und Bildungszentrum Auf dem Ahorn in Wiblingwerde hat sich der Chor amante della musica menden vom 4. &hellip; <a href=\"https:\/\/www.amante-menden.de\/?page_id=560\">Weiterlesen <span class=\"meta-nav\">&rarr;<\/span><\/a><\/p>\n","protected":false},"author":1,"featured_media":0,"parent":156,"menu_order":135,"comment_status":"closed","ping_status":"closed","template":"","meta":{"footnotes":""},"class_list":["post-560","page","type-page","status-publish","hentry"],"_links":{"self":[{"href":"https:\/\/www.amante-menden.de\/index.php?rest_route=\/wp\/v2\/pages\/560","targetHints":{"allow":["GET"]}}],"collection":[{"href":"https:\/\/www.amante-menden.de\/index.php?rest_route=\/wp\/v2\/pages"}],"about":[{"href":"https:\/\/www.amante-menden.de\/index.php?rest_route=\/wp\/v2\/types\/page"}],"author":[{"embeddable":true,"href":"https:\/\/www.amante-menden.de\/index.php?rest_route=\/wp\/v2\/users\/1"}],"replies":[{"embeddable":true,"href":"https:\/\/www.amante-menden.de\/index.php?rest_route=%2Fwp%2Fv2%2Fcomments&post=560"}],"version-history":[{"count":4,"href":"https:\/\/www.amante-menden.de\/index.php?rest_route=\/wp\/v2\/pages\/560\/revisions"}],"predecessor-version":[{"id":578,"href":"https:\/\/www.amante-menden.de\/index.php?rest_route=\/wp\/v2\/pages\/560\/revisions\/578"}],"up":[{"embeddable":true,"href":"https:\/\/www.amante-menden.de\/index.php?rest_route=\/wp\/v2\/pages\/156"}],"wp:attachment":[{"href":"https:\/\/www.amante-menden.de\/index.php?rest_route=%2Fwp%2Fv2%2Fmedia&parent=560"}],"curies":[{"name":"wp","href":"https:\/\/api.w.org\/{rel}","templated":true}]}}