{"id":601,"date":"2015-06-03T23:15:43","date_gmt":"2015-06-03T21:15:43","guid":{"rendered":"http:\/\/amante-menden.de\/wordpress\/?page_id=601"},"modified":"2017-01-18T12:39:14","modified_gmt":"2017-01-18T10:39:14","slug":"das-ist-das-neue-gesicht-von-amante-della-musica-im-internet","status":"publish","type":"page","link":"https:\/\/www.amante-menden.de\/?page_id=601","title":{"rendered":"Das ist das neue Gesicht von amante della musica im Internet"},"content":{"rendered":"<p><a href=\"http:\/\/amante-menden.de\/wordpress\/wp-content\/uploads\/2015\/06\/HP.png\"><img loading=\"lazy\" decoding=\"async\" class=\"alignnone size-full wp-image-599\" src=\"http:\/\/amante-menden.de\/wordpress\/wp-content\/uploads\/2015\/06\/HP.png\" alt=\"HP\" width=\"965\" height=\"803\" srcset=\"https:\/\/www.amante-menden.de\/wordpress\/wp-content\/uploads\/2015\/06\/HP.png 965w, https:\/\/www.amante-menden.de\/wordpress\/wp-content\/uploads\/2015\/06\/HP-300x250.png 300w, https:\/\/www.amante-menden.de\/wordpress\/wp-content\/uploads\/2015\/06\/HP-900x749.png 900w\" sizes=\"auto, (max-width: 965px) 100vw, 965px\" \/><\/a><\/p>\n<p>Die Zeit war nach vielen Jahren einfach reif &#8211; um nicht zu sagen \u00fcberf\u00e4llig: Mit einer komplett \u00fcberarbeiteten Internetseite pr\u00e4sentiert sich amante della musica menden ab sofort der \u00d6ffentlichkeit.<\/p>\n<p>\u00dcbersichtlicher, klarer strukturiert und auch f\u00fcrs Surfen via Smartphone perfekt geeignet ist die Homepage, die die beiden Vorstandsmitglieder Tobias Holz und Thorsten G\u00fcnner entworfen und mit Leben gef\u00fcllt haben.<\/p>\n<p>Damit setzt der f\u00fcnffache Meisterchor aus Menden im Sauerland konsequent seinen Anspruch um, sich immer wieder neu zu erfinden und die Chormusik zeitgem\u00e4\u00df darzustellen.<\/p>\n<p>Erst im Fr\u00fchjahr hatte amante ja eine eigene App herausgebracht, die zum kostenlosen Download in den g\u00e4ngigen Stores zur Verf\u00fcgung steht. Den entsprechenden QR-Code gibt es nat\u00fcrlich auch auf www.amante-menden.de.<\/p>\n<p>Abgerundet wird die Au\u00dfendarstellung des Vereins durch einen st\u00e4ndig aktuellen Facebook-Auftritt sowie die vierte Auflage des Imageflyers und die aktuelle Werbekampagne &#8222;Klisch\u00e9e pass\u00e9 &#8211; dieser Chor bleibt im Ohr&#8220;.<\/p>\n<p>Auch auf der neuen Website gibt es stets aktuelle Nachrichten. Hinzugekommen ist au\u00dferdem der Online-Ticketshop f\u00fcr eigene Veranstaltungen.<\/p>\n<p>&#8222;Wir sind froh und gl\u00fccklich, in so kurzer Zeit unsere Internetseite derart modernisiert zu haben. Mit der klaren Navigation findet jeder sofort das, was er sucht. Mit dem Ergebnis d\u00fcrfen wir sehr zufrieden sein&#8220;, betont der 1. Vorsitzende Lars Becker und erg\u00e4nzt: &#8222;Wir w\u00fcnschen unseren Mitgliedern, Freunden uns Fans viel Spa\u00df beim Surfen!&#8220;<\/p>\n","protected":false},"excerpt":{"rendered":"<p>Die Zeit war nach vielen Jahren einfach reif &#8211; um nicht zu sagen \u00fcberf\u00e4llig: Mit einer komplett \u00fcberarbeiteten Internetseite pr\u00e4sentiert sich amante della musica menden ab sofort der \u00d6ffentlichkeit. \u00dcbersichtlicher, klarer strukturiert und auch f\u00fcrs Surfen via Smartphone perfekt geeignet &hellip; <a href=\"https:\/\/www.amante-menden.de\/?page_id=601\">Weiterlesen <span class=\"meta-nav\">&rarr;<\/span><\/a><\/p>\n","protected":false},"author":1,"featured_media":0,"parent":3225,"menu_order":155,"comment_status":"closed","ping_status":"closed","template":"","meta":{"footnotes":""},"class_list":["post-601","page","type-page","status-publish","hentry"],"_links":{"self":[{"href":"https:\/\/www.amante-menden.de\/index.php?rest_route=\/wp\/v2\/pages\/601","targetHints":{"allow":["GET"]}}],"collection":[{"href":"https:\/\/www.amante-menden.de\/index.php?rest_route=\/wp\/v2\/pages"}],"about":[{"href":"https:\/\/www.amante-menden.de\/index.php?rest_route=\/wp\/v2\/types\/page"}],"author":[{"embeddable":true,"href":"https:\/\/www.amante-menden.de\/index.php?rest_route=\/wp\/v2\/users\/1"}],"replies":[{"embeddable":true,"href":"https:\/\/www.amante-menden.de\/index.php?rest_route=%2Fwp%2Fv2%2Fcomments&post=601"}],"version-history":[{"count":1,"href":"https:\/\/www.amante-menden.de\/index.php?rest_route=\/wp\/v2\/pages\/601\/revisions"}],"predecessor-version":[{"id":602,"href":"https:\/\/www.amante-menden.de\/index.php?rest_route=\/wp\/v2\/pages\/601\/revisions\/602"}],"up":[{"embeddable":true,"href":"https:\/\/www.amante-menden.de\/index.php?rest_route=\/wp\/v2\/pages\/3225"}],"wp:attachment":[{"href":"https:\/\/www.amante-menden.de\/index.php?rest_route=%2Fwp%2Fv2%2Fmedia&parent=601"}],"curies":[{"name":"wp","href":"https:\/\/api.w.org\/{rel}","templated":true}]}}