{"id":768,"date":"2015-06-16T15:36:55","date_gmt":"2015-06-16T13:36:55","guid":{"rendered":"http:\/\/amante-menden.de\/?page_id=768"},"modified":"2015-06-16T15:37:07","modified_gmt":"2015-06-16T13:37:07","slug":"jahreshauptversammlung-2011","status":"publish","type":"page","link":"https:\/\/www.amante-menden.de\/?page_id=768","title":{"rendered":"Jahreshauptversammlung 2011"},"content":{"rendered":"<h3>\u00a025 Jahre amante<\/h3>\n<h3><a href=\"http:\/\/amante-menden.de\/wordpress\/wp-content\/uploads\/2015\/06\/114.jpg\"><img loading=\"lazy\" decoding=\"async\" class=\" size-full wp-image-769 aligncenter\" src=\"http:\/\/amante-menden.de\/wordpress\/wp-content\/uploads\/2015\/06\/114.jpg\" alt=\"1\" width=\"519\" height=\"200\" srcset=\"https:\/\/www.amante-menden.de\/wordpress\/wp-content\/uploads\/2015\/06\/114.jpg 519w, https:\/\/www.amante-menden.de\/wordpress\/wp-content\/uploads\/2015\/06\/114-300x116.jpg 300w\" sizes=\"auto, (max-width: 519px) 100vw, 519px\" \/><\/a><\/h3>\n<p style=\"text-align: justify;\" align=\"justify\">Nat\u00fcrlich stand beim Jahresmeeting im Foyer der Hauptschule am Gelben Morgen nicht so sehr der R\u00fcckblick auf 2010, sondern vielmehr der Ausblick auf die zahlreichen Aktivit\u00e4ten anl\u00e4sslich des 25-j\u00e4hrigen Bestehens in diesem Jahr im Mittelpunkt. Sehr wohl als Erfolg gewertet wurde allerdings das Benefiz-Neujahrskonzert mit dem Landespolizeiorchester NRW vom 8. Januar zu Gunsten der Mendener B\u00fcrgerstiftung. Der Reinerl\u00f6s dieses Abends wird im Rahmen des st\u00e4dtischen Jahresempfangs am 12. Februar auf der Wilhelmsh\u00f6he \u00fcberreicht, hier wird amante auch wieder auftreten.<\/p>\n<p style=\"text-align: justify;\" align=\"justify\"><a href=\"http:\/\/amante-menden.de\/wordpress\/wp-content\/uploads\/2015\/06\/vorstand.jpg\"><img loading=\"lazy\" decoding=\"async\" class=\" size-full wp-image-770 alignleft\" src=\"http:\/\/amante-menden.de\/wordpress\/wp-content\/uploads\/2015\/06\/vorstand.jpg\" alt=\"vorstand\" width=\"337\" height=\"300\" srcset=\"https:\/\/www.amante-menden.de\/wordpress\/wp-content\/uploads\/2015\/06\/vorstand.jpg 337w, https:\/\/www.amante-menden.de\/wordpress\/wp-content\/uploads\/2015\/06\/vorstand-300x267.jpg 300w\" sizes=\"auto, (max-width: 337px) 100vw, 337px\" \/><\/a>Einen Tag sp\u00e4ter steigt dann der offizielle Festakt zum 25-j\u00e4hrigen Jubil\u00e4um mit Ehreng\u00e4sten aus Verwaltung, Wirtschaft und aus der heimischen Chorszene. Am 6. M\u00e4rz nimmt der Chor als Fu\u00dfgruppe am Karnevalsumzug teil, am 11. und 12. M\u00e4rz kommen die Ch\u00f6re aus Menden, Balve und Fr\u00f6ndenberg zum Chorfestival H\u00f6nne-Ruhr auf die Wilhelmsh\u00f6he. Am 7. und 8. Oktober veranstaltet amante zwei Mal seine Revue &#8222;F\u00fcr immer jung&#8220; mit Musik, Mode, Lifestyle und Gaumenfreuden aus vier Jahrzehnten (60er bis 90er), ehe am 12. November f\u00fcnf befreundete Meisterch\u00f6re zum Konzert ebenfalls auf die Wilhelmsh\u00f6he kommen.<\/p>\n<p style=\"text-align: justify;\" align=\"justify\">Weitere Auftritte, beispielsweise zum 150-j\u00e4hrigen Jubil\u00e4um der Stadtwerke Menden, werden das Jahr abrunden. Am 7. Januar 2012 soll eine Neuauflage des besagten Neujahrskonzertes steigen, vom 9. bis 14. April 2012 f\u00fchrt die versp\u00e4tete Jubil\u00e4ums-Chorreise mit aktiven und f\u00f6rdernden Mitgliedern nach Bamberg.<\/p>\n<p style=\"text-align: justify;\" align=\"justify\">F\u00fcr die musikalischen und organisatorischen Herausforderungen sehen sich die &#8222;Musikliebhaber&#8220; sehr gut aufgestellt. Der einstimmig entlastete Vorstand pr\u00e4sentierte den mehr als 50 Mitgliedern ein umfangreiches Marketing-Konzept samt Kostenplan, das neben der Neuauflage des Chorflyers auch wieder Radiowerbung vorsieht. Verabschiedet wurde au\u00dferdem, f\u00fcr die diversen Veranstaltungen im Jubil\u00e4umsjahr eine VIP-Dauerkarte anzubieten, die zum Preis von 29 Euro \u00fcber die E-Mail-Adresse vorstand@amante-menden.de bestellt werden kann. Hier gibt es im Detail auch alle Infos zu den entsprechenden Leistungen.<\/p>\n","protected":false},"excerpt":{"rendered":"<p>\u00a025 Jahre amante Nat\u00fcrlich stand beim Jahresmeeting im Foyer der Hauptschule am Gelben Morgen nicht so sehr der R\u00fcckblick auf 2010, sondern vielmehr der Ausblick auf die zahlreichen Aktivit\u00e4ten anl\u00e4sslich des 25-j\u00e4hrigen Bestehens in diesem Jahr im Mittelpunkt. Sehr wohl &hellip; <a href=\"https:\/\/www.amante-menden.de\/?page_id=768\">Weiterlesen <span class=\"meta-nav\">&rarr;<\/span><\/a><\/p>\n","protected":false},"author":1,"featured_media":0,"parent":156,"menu_order":114,"comment_status":"closed","ping_status":"closed","template":"","meta":{"footnotes":""},"class_list":["post-768","page","type-page","status-publish","hentry"],"_links":{"self":[{"href":"https:\/\/www.amante-menden.de\/index.php?rest_route=\/wp\/v2\/pages\/768","targetHints":{"allow":["GET"]}}],"collection":[{"href":"https:\/\/www.amante-menden.de\/index.php?rest_route=\/wp\/v2\/pages"}],"about":[{"href":"https:\/\/www.amante-menden.de\/index.php?rest_route=\/wp\/v2\/types\/page"}],"author":[{"embeddable":true,"href":"https:\/\/www.amante-menden.de\/index.php?rest_route=\/wp\/v2\/users\/1"}],"replies":[{"embeddable":true,"href":"https:\/\/www.amante-menden.de\/index.php?rest_route=%2Fwp%2Fv2%2Fcomments&post=768"}],"version-history":[{"count":2,"href":"https:\/\/www.amante-menden.de\/index.php?rest_route=\/wp\/v2\/pages\/768\/revisions"}],"predecessor-version":[{"id":772,"href":"https:\/\/www.amante-menden.de\/index.php?rest_route=\/wp\/v2\/pages\/768\/revisions\/772"}],"up":[{"embeddable":true,"href":"https:\/\/www.amante-menden.de\/index.php?rest_route=\/wp\/v2\/pages\/156"}],"wp:attachment":[{"href":"https:\/\/www.amante-menden.de\/index.php?rest_route=%2Fwp%2Fv2%2Fmedia&parent=768"}],"curies":[{"name":"wp","href":"https:\/\/api.w.org\/{rel}","templated":true}]}}