{"id":809,"date":"2015-06-17T09:53:00","date_gmt":"2015-06-17T07:53:00","guid":{"rendered":"http:\/\/amante-menden.de\/?page_id=809"},"modified":"2018-03-19T22:40:42","modified_gmt":"2018-03-19T20:40:42","slug":"neujahrskonzert-2011","status":"publish","type":"page","link":"https:\/\/www.amante-menden.de\/?page_id=809","title":{"rendered":"Neujahrskonzert 2011"},"content":{"rendered":"<h3>amante pr\u00e4sentiert das Landespolizeiorchester NRW<\/h3>\n<p><a href=\"http:\/\/amante-menden.de\/wordpress\/wp-content\/uploads\/2015\/06\/56.jpg\"><img loading=\"lazy\" decoding=\"async\" class=\" size-full wp-image-803 aligncenter\" src=\"http:\/\/amante-menden.de\/wordpress\/wp-content\/uploads\/2015\/06\/56.jpg\" alt=\"5\" width=\"419\" height=\"250\" srcset=\"https:\/\/www.amante-menden.de\/wordpress\/wp-content\/uploads\/2015\/06\/56.jpg 419w, https:\/\/www.amante-menden.de\/wordpress\/wp-content\/uploads\/2015\/06\/56-300x179.jpg 300w\" sizes=\"auto, (max-width: 419px) 100vw, 419px\" \/><\/a><\/p>\n<h1>Initialz\u00fcndung f\u00fcr die Mendener B\u00fcrgerstiftung<\/h1>\n<h3>Bericht des Hellweger Anzeigers von Dirk Becker<\/h3>\n<p align=\"justify\">B\u00fcrgermeister Volker Fleige sprach von einer &#8222;Initialz\u00fcndung&#8220; f\u00fcr die Mendener B\u00fcrgerstiftung, den meisten der mehr als 400 G\u00e4ste im Gro\u00dfen Saal der Wilhelmsh\u00f6he wird das Neujahrskonzert &#8222;Liebeslieder &#8211; Z\u00e4rtlich bis schwungvoll&#8220; aber vor allem als grandioses H\u00f6rerlebnis in Erinnerung bleiben.<\/p>\n<p align=\"justify\">Sowohl der von Chordirektor FDB Michael Oel geleitete Meisterchor wie auch das Landespolizeiorchester NRW mit seinem Dirigenten Scott Lawton gl\u00e4nzten von der ersten bis zur letzten Minute des fast zweieinhalbst\u00fcndigen Konzerts. Von den Zuh\u00f6rern gab es tosenden Beifall, &#8222;Zugabe&#8220;-Rufe und jede Menge Lob nach dem Konzert. Volker Fleige, Scott Lawton, Michael Oel und Lars Becker als Vorsitzender von &#8222;amante della musica&#8220; signalisierten, dass es 2012 eine Neuauflage geben wird. Dann hoffen alle Beteiligten auf noch mehr Zuh\u00f6rer.<\/p>\n<p align=\"justify\">Selten verschmelzen hochklassige Gesangsleistung und exzellente Instrumentalmusik zu einem derart begeisternden Gemisch. Dass hinter der Veranstaltung auch noch der Benefizgedanke stand, setzte dem Ganzen die Krone auf. Der heimische Meisterchor, das Landespolizeiorchester und Fleige hatten sich vor drei Monaten darauf verst\u00e4ndigt, ein Neujahrskonzert zugunsten der Mendener B\u00fcrgerstiftung zu organisieren. Organisator war &#8222;amante&#8220; &#8211; und der Chor bereitete das Konzert herausragend vor. Neben einem feierlichen, aber unaufdringlichem Ambiente, in dem die Sch\u00f6nheit des Saals seine Wirkung entfaltete, lief auch sonst alles nach Plan.<\/p>\n<p align=\"justify\">F\u00fcr &#8222;amante della musica&#8220;, das mit einer attraktiven Liedauswahl und einer herausragenden Pr\u00e4senz bestach, war das Konzert der Auftakt in das Jahr des ersten &#8222;echten&#8220; Jubil\u00e4ums. Vor 25 Jahren wurde die Singgemeinschaft als &#8222;Junger Chor Menden 1986&#8220; gegr\u00fcndet. Seither f\u00fchrt der Weg des Chores steil nach oben &#8211; nicht zuletzt ein Verdienst der Chorleiter Klaus Levermann und Michael Oel. Wer den Chor h\u00f6ren will, bekommt dazu jede Menge Gelegenheit: In einem Flyer und unter www.amante-menden.de informiert der Chor \u00fcber alle Termine.<\/p>\n<hr \/>\n<h1>amante della musica startet furios ins Jubil\u00e4umsjahr<\/h1>\n<h3>Bericht der Westfalenpost von Laura Oswald-J\u00fcttner<\/h3>\n<p><b>Menden.<\/b> Donnernder Beifall, stehende Ovationen und &#8222;Zugabe&#8220;-Rufe hallen durch den gro\u00dfen Saal der Wilhelmsh\u00f6he. Auf der B\u00fchne sind das Landespolizeiorchester NRW und amante della musica menden sichtlich bewegt \u00fcber den Erfolg des soeben zu Ende gegangenen Benefizkonzertes. Der Grundstein f\u00fcr ein erfolgreiches Jubil\u00e4umsjahr des heimischen Meisterchores ist gelegt.<\/p>\n<p align=\"justify\">&#8222;Liebeslieder &#8211; Z\u00e4rtlich bis schwungvoll&#8220; lautet das Motto am Samstagabend. Spritzig, beschwingt und melancholisch geht es zu, von Schostakowitsch bis Zuccalmaglio, von Johann Strau\u00df bis zur Berliner Elektropopband M.I.A. ist alles dabei. Dabei \u00fcbernimmt amante den moderneren Teil des Programms, liefert mit &#8222;Hello&#8220; von Lionel Richie eine der sch\u00f6nsten Balladen der j\u00fcngeren Musikgeschichte ab. Das gesangliche Meisterst\u00fcck des Abends kommt aber aus Schweden. &#8222;Gabriellas Song&#8220; stammt aus dem Kinofilm &#8222;Wie im Himmel&#8220;. Das Lied ist eine Kampfansage an die Heimt\u00fccke des Selbstmitleids, gekleidet in eine kaum beschreibbare wundersch\u00f6ne Melodie. Es dauert nicht lange, da greifen die ersten Zuschauer nach Taschent\u00fcchern.<\/p>\n<p align=\"justify\">Die Beitr\u00e4ge des Landespolizeiorchesters sind nicht weniger stimmungsvoll. Los geht es mit Johann Strau\u00df und der Ouvert\u00fcre aus &#8222;Die Fledermaus&#8220; sowie dem Walzer &#8222;An der sch\u00f6nen blauen Donau&#8220;. Dann nimmt das Orchester pl\u00f6tzlich Fahrt auf, weckt das ergriffene Publikum zun\u00e4chst mit der &#8222;Champagner-Polka&#8220; und beschlie\u00dft den ersten Konzertteil mit einigen S\u00e4tzen aus Prokofjews Ballett &#8222;Romeo und Julia&#8220;. Es sei schwierig, immer einen passenden \u00dcbergang zwischen den einzelnen St\u00fccken zu finden, erkl\u00e4rt LPO-Dirigent Scott Lawton, umso gl\u00fccklicher ist er, dass Johann Strau\u00df&#8216; &#8222;Perpetuum Mobile&#8220; &#8222;ein herrlich bedeutungsloses St\u00fcck&#8220; ist, weil es daherpl\u00e4tschert und niemandem weh tut.<\/p>\n<p align=\"justify\">Zum gro\u00dfen Finale stimmt das Orchester &#8222;Land of Hope and Glory&#8220; oder auch &#8222;Pomp and Circumstance&#8220; an, zu dem amante della musica feierlich hereinschreitet und zu singen beginnt. Die letzte Harmonie ist noch nicht verklungen, da brechen bereits Beifallst\u00fcrme los. Die Besucher springen f\u00f6rmlich von ihren St\u00fchlen, fordern Zugaben.<\/p>\n<p align=\"justify\">Amantes Vorsitzender Lars Becker ist gl\u00fccklich und zufrieden, denn das Konzert ist gelaufen wie erhofft. Die S\u00e4ngerinnen und S\u00e4nger nehmen noch ein letztes Mal Haltung an und verabschieden sich mit dem deutsch-franz\u00f6sischen Chanson &#8222;Au Champs \u00c9lys\u00e9e&#8220;, bevor Scott Lawton mit seinen Musikern den &#8222;Radetzkymarsch&#8220; anstimmt.<\/p>\n<p align=\"justify\">Scott Lawton ist begeistert von dem Abend. F\u00fcr ihn war es &#8222;mit Abstand die beste Veranstaltung in meinen sechs Jahren beim Landespolizeiorchester&#8220;. Er schlie\u00dft nicht aus, dass das der Beginn einer langen Freundschaft sein kann.<\/p>\n<p align=\"justify\">S\u00e4mtliche Einnahmen des Konzerts flie\u00dfen in die erst vor Kurzem gegr\u00fcndete Mendener B\u00fcrgerstiftung. Landrat Thomas Gemke und B\u00fcrgermeister Volker Fleige machen sich beide daf\u00fcr stark, dass auch &#8222;in Zeiten leerer Kassen&#8220; etwas f\u00fcr die B\u00fcrger getan werden soll. Das Geld, das bisher in die Stiftung geflossen ist, wird angelegt, &#8222;um von den Zinsen Gutes zu tun&#8220;, bekr\u00e4ftigt Volker Fleige. Mehrere Sparschweine stehen im Spiegelsaal auf den Stehtischen, und die G\u00e4ste spenden gerne.<\/p>\n<p align=\"justify\">Amante della musica startet mit einem Knall ins Jubil\u00e4umsjahr. Schon am 20. Februar begehen die S\u00e4ngerinnen und S\u00e4nger den offiziellen Festakt zum 25-j\u00e4hrigen Jubil\u00e4um des Chores. Viele weitere Termine folgen. Nach einem solchen Auftakt, da sind sich alle sicher, wird es wohl ein aufregendes Jahr.<\/p>\n<div id='gallery-1' class='gallery galleryid-809 gallery-columns-3 gallery-size-thumbnail'><dl class='gallery-item'>\n\t\t\t<dt class='gallery-icon landscape'>\n\t\t\t\t<a href='https:\/\/www.amante-menden.de\/?attachment_id=808'><img loading=\"lazy\" decoding=\"async\" width=\"150\" height=\"150\" src=\"https:\/\/www.amante-menden.de\/wordpress\/wp-content\/uploads\/2015\/06\/Orchester-Bass-Posaune-klein-150x150.jpg\" class=\"attachment-thumbnail size-thumbnail\" alt=\"\" srcset=\"https:\/\/www.amante-menden.de\/wordpress\/wp-content\/uploads\/2015\/06\/Orchester-Bass-Posaune-klein-150x150.jpg 150w, https:\/\/www.amante-menden.de\/wordpress\/wp-content\/uploads\/2015\/06\/Orchester-Bass-Posaune-klein-144x144.jpg 144w\" sizes=\"auto, (max-width: 150px) 100vw, 150px\" \/><\/a>\n\t\t\t<\/dt><\/dl><dl class='gallery-item'>\n\t\t\t<dt class='gallery-icon landscape'>\n\t\t\t\t<a href='https:\/\/www.amante-menden.de\/?attachment_id=807'><img loading=\"lazy\" decoding=\"async\" width=\"150\" height=\"150\" src=\"https:\/\/www.amante-menden.de\/wordpress\/wp-content\/uploads\/2015\/06\/Orchester-2_low-klein-150x150.jpg\" class=\"attachment-thumbnail size-thumbnail\" alt=\"\" srcset=\"https:\/\/www.amante-menden.de\/wordpress\/wp-content\/uploads\/2015\/06\/Orchester-2_low-klein-150x150.jpg 150w, https:\/\/www.amante-menden.de\/wordpress\/wp-content\/uploads\/2015\/06\/Orchester-2_low-klein-144x144.jpg 144w\" sizes=\"auto, (max-width: 150px) 100vw, 150px\" \/><\/a>\n\t\t\t<\/dt><\/dl><dl class='gallery-item'>\n\t\t\t<dt class='gallery-icon landscape'>\n\t\t\t\t<a href='https:\/\/www.amante-menden.de\/?attachment_id=806'><img loading=\"lazy\" decoding=\"async\" width=\"150\" height=\"114\" src=\"https:\/\/www.amante-menden.de\/wordpress\/wp-content\/uploads\/2015\/06\/LPO-Logo-klein-150x114.jpg\" class=\"attachment-thumbnail size-thumbnail\" alt=\"\" \/><\/a>\n\t\t\t<\/dt><\/dl><br style=\"clear: both\" \/><dl class='gallery-item'>\n\t\t\t<dt class='gallery-icon landscape'>\n\t\t\t\t<a href='https:\/\/www.amante-menden.de\/?attachment_id=805'><img loading=\"lazy\" decoding=\"async\" width=\"150\" height=\"150\" src=\"https:\/\/www.amante-menden.de\/wordpress\/wp-content\/uploads\/2015\/06\/75-150x150.jpg\" class=\"attachment-thumbnail size-thumbnail\" alt=\"\" srcset=\"https:\/\/www.amante-menden.de\/wordpress\/wp-content\/uploads\/2015\/06\/75-150x150.jpg 150w, https:\/\/www.amante-menden.de\/wordpress\/wp-content\/uploads\/2015\/06\/75-144x144.jpg 144w\" sizes=\"auto, (max-width: 150px) 100vw, 150px\" \/><\/a>\n\t\t\t<\/dt><\/dl><dl class='gallery-item'>\n\t\t\t<dt class='gallery-icon landscape'>\n\t\t\t\t<a href='https:\/\/www.amante-menden.de\/?attachment_id=804'><img loading=\"lazy\" decoding=\"async\" width=\"150\" height=\"150\" src=\"https:\/\/www.amante-menden.de\/wordpress\/wp-content\/uploads\/2015\/06\/66-150x150.jpg\" class=\"attachment-thumbnail size-thumbnail\" alt=\"\" srcset=\"https:\/\/www.amante-menden.de\/wordpress\/wp-content\/uploads\/2015\/06\/66-150x150.jpg 150w, https:\/\/www.amante-menden.de\/wordpress\/wp-content\/uploads\/2015\/06\/66-144x144.jpg 144w\" sizes=\"auto, (max-width: 150px) 100vw, 150px\" \/><\/a>\n\t\t\t<\/dt><\/dl><dl class='gallery-item'>\n\t\t\t<dt class='gallery-icon landscape'>\n\t\t\t\t<a href='https:\/\/www.amante-menden.de\/?attachment_id=802'><img loading=\"lazy\" decoding=\"async\" width=\"150\" height=\"150\" src=\"https:\/\/www.amante-menden.de\/wordpress\/wp-content\/uploads\/2015\/06\/46-150x150.jpg\" class=\"attachment-thumbnail size-thumbnail\" alt=\"\" srcset=\"https:\/\/www.amante-menden.de\/wordpress\/wp-content\/uploads\/2015\/06\/46-150x150.jpg 150w, https:\/\/www.amante-menden.de\/wordpress\/wp-content\/uploads\/2015\/06\/46-144x144.jpg 144w\" sizes=\"auto, (max-width: 150px) 100vw, 150px\" \/><\/a>\n\t\t\t<\/dt><\/dl><br style=\"clear: both\" \/><dl class='gallery-item'>\n\t\t\t<dt class='gallery-icon landscape'>\n\t\t\t\t<a href='https:\/\/www.amante-menden.de\/?attachment_id=801'><img loading=\"lazy\" decoding=\"async\" width=\"150\" height=\"150\" src=\"https:\/\/www.amante-menden.de\/wordpress\/wp-content\/uploads\/2015\/06\/36-150x150.jpg\" class=\"attachment-thumbnail size-thumbnail\" alt=\"\" srcset=\"https:\/\/www.amante-menden.de\/wordpress\/wp-content\/uploads\/2015\/06\/36-150x150.jpg 150w, https:\/\/www.amante-menden.de\/wordpress\/wp-content\/uploads\/2015\/06\/36-144x144.jpg 144w\" sizes=\"auto, (max-width: 150px) 100vw, 150px\" \/><\/a>\n\t\t\t<\/dt><\/dl><dl class='gallery-item'>\n\t\t\t<dt class='gallery-icon landscape'>\n\t\t\t\t<a href='https:\/\/www.amante-menden.de\/?attachment_id=800'><img loading=\"lazy\" decoding=\"async\" width=\"150\" height=\"150\" src=\"https:\/\/www.amante-menden.de\/wordpress\/wp-content\/uploads\/2015\/06\/28-150x150.jpg\" class=\"attachment-thumbnail size-thumbnail\" alt=\"\" srcset=\"https:\/\/www.amante-menden.de\/wordpress\/wp-content\/uploads\/2015\/06\/28-150x150.jpg 150w, https:\/\/www.amante-menden.de\/wordpress\/wp-content\/uploads\/2015\/06\/28-144x144.jpg 144w\" sizes=\"auto, (max-width: 150px) 100vw, 150px\" \/><\/a>\n\t\t\t<\/dt><\/dl><dl class='gallery-item'>\n\t\t\t<dt class='gallery-icon portrait'>\n\t\t\t\t<a href='https:\/\/www.amante-menden.de\/?attachment_id=799'><img loading=\"lazy\" decoding=\"async\" width=\"150\" height=\"150\" src=\"https:\/\/www.amante-menden.de\/wordpress\/wp-content\/uploads\/2015\/06\/116-150x150.jpg\" class=\"attachment-thumbnail size-thumbnail\" alt=\"\" srcset=\"https:\/\/www.amante-menden.de\/wordpress\/wp-content\/uploads\/2015\/06\/116-150x150.jpg 150w, https:\/\/www.amante-menden.de\/wordpress\/wp-content\/uploads\/2015\/06\/116-144x144.jpg 144w\" sizes=\"auto, (max-width: 150px) 100vw, 150px\" \/><\/a>\n\t\t\t<\/dt><\/dl><br style=\"clear: both\" \/>\n\t\t<\/div>\n\n","protected":false},"excerpt":{"rendered":"<p>amante pr\u00e4sentiert das Landespolizeiorchester NRW Initialz\u00fcndung f\u00fcr die Mendener B\u00fcrgerstiftung Bericht des Hellweger Anzeigers von Dirk Becker B\u00fcrgermeister Volker Fleige sprach von einer &#8222;Initialz\u00fcndung&#8220; f\u00fcr die Mendener B\u00fcrgerstiftung, den meisten der mehr als 400 G\u00e4ste im Gro\u00dfen Saal der Wilhelmsh\u00f6he &hellip; <a href=\"https:\/\/www.amante-menden.de\/?page_id=809\">Weiterlesen <span class=\"meta-nav\">&rarr;<\/span><\/a><\/p>\n","protected":false},"author":1,"featured_media":0,"parent":156,"menu_order":116,"comment_status":"closed","ping_status":"closed","template":"","meta":{"footnotes":""},"class_list":["post-809","page","type-page","status-publish","hentry"],"_links":{"self":[{"href":"https:\/\/www.amante-menden.de\/index.php?rest_route=\/wp\/v2\/pages\/809","targetHints":{"allow":["GET"]}}],"collection":[{"href":"https:\/\/www.amante-menden.de\/index.php?rest_route=\/wp\/v2\/pages"}],"about":[{"href":"https:\/\/www.amante-menden.de\/index.php?rest_route=\/wp\/v2\/types\/page"}],"author":[{"embeddable":true,"href":"https:\/\/www.amante-menden.de\/index.php?rest_route=\/wp\/v2\/users\/1"}],"replies":[{"embeddable":true,"href":"https:\/\/www.amante-menden.de\/index.php?rest_route=%2Fwp%2Fv2%2Fcomments&post=809"}],"version-history":[{"count":2,"href":"https:\/\/www.amante-menden.de\/index.php?rest_route=\/wp\/v2\/pages\/809\/revisions"}],"predecessor-version":[{"id":3630,"href":"https:\/\/www.amante-menden.de\/index.php?rest_route=\/wp\/v2\/pages\/809\/revisions\/3630"}],"up":[{"embeddable":true,"href":"https:\/\/www.amante-menden.de\/index.php?rest_route=\/wp\/v2\/pages\/156"}],"wp:attachment":[{"href":"https:\/\/www.amante-menden.de\/index.php?rest_route=%2Fwp%2Fv2%2Fmedia&parent=809"}],"curies":[{"name":"wp","href":"https:\/\/api.w.org\/{rel}","templated":true}]}}