{"id":883,"date":"2015-06-17T10:54:48","date_gmt":"2015-06-17T08:54:48","guid":{"rendered":"http:\/\/amante-menden.de\/?page_id=883"},"modified":"2015-06-17T10:54:48","modified_gmt":"2015-06-17T08:54:48","slug":"cd-vorstellung","status":"publish","type":"page","link":"https:\/\/www.amante-menden.de\/?page_id=883","title":{"rendered":"CD Vorstellung"},"content":{"rendered":"<h3>Von \u201eKein sch\u00f6ner Land\u201c bis \u201eBohemian Rhapsody\u201c<\/h3>\n<p><a href=\"http:\/\/amante-menden.de\/wordpress\/wp-content\/uploads\/2015\/06\/cover.jpg\"><img loading=\"lazy\" decoding=\"async\" class=\" size-full wp-image-880 aligncenter\" src=\"http:\/\/amante-menden.de\/wordpress\/wp-content\/uploads\/2015\/06\/cover.jpg\" alt=\"cover\" width=\"300\" height=\"299\" srcset=\"https:\/\/www.amante-menden.de\/wordpress\/wp-content\/uploads\/2015\/06\/cover.jpg 300w, https:\/\/www.amante-menden.de\/wordpress\/wp-content\/uploads\/2015\/06\/cover-150x150.jpg 150w, https:\/\/www.amante-menden.de\/wordpress\/wp-content\/uploads\/2015\/06\/cover-144x144.jpg 144w\" sizes=\"auto, (max-width: 300px) 100vw, 300px\" \/><\/a><\/p>\n<p><strong>Radiospot<\/strong><\/p>\n<audio class=\"wp-audio-shortcode\" id=\"audio-883-1\" preload=\"none\" style=\"width: 100%;\" controls=\"controls\"><source type=\"audio\/mpeg\" src=\"http:\/\/amante-menden.de\/wordpress\/wp-content\/uploads\/2015\/06\/radio1.mp3?_=1\" \/><a href=\"http:\/\/amante-menden.de\/wordpress\/wp-content\/uploads\/2015\/06\/radio1.mp3\">http:\/\/amante-menden.de\/wordpress\/wp-content\/uploads\/2015\/06\/radio1.mp3<\/a><\/audio>\n<h1><\/h1>\n<h1>G\u00e4nsehaut in der &#8222;Sauna Wilhelmsh\u00f6he&#8220;<\/h1>\n<h2>Meisterchor &#8222;amante della musica&#8220; pr\u00e4sentiert neue CD &#8222;mixt(o)ur&#8220; vor ausverkauftem Haus<\/h2>\n<p align=\"justify\">Menden. Die Katze ist aus dem Sack: &#8222;mix(t)our&#8220; hei\u00dft die neue CD des Mendener Meisterchores &#8222;amante della musica&#8220;. Wie der Vorsitzende Lars Becker erkl\u00e4rte, soll der Name zum einen auf das vielf\u00e4ltige Repertoire hinweisen, aber auch Einladung zu einer musikalischen Reise sein.<\/p>\n<p align=\"justify\">Es war m\u00e4chtig hei\u00df im Spiegelsaal der Wilhelmsh\u00f6he, als &#8222;amante&#8220; mit den afrikanischen Kl\u00e4ngen &#8222;Shosholoza&#8220; die B\u00fchne betrat. Mehr als 300 Zuh\u00f6rer f\u00fcllten jeden Platz des Saales. Da passte es, dass Becker die Freunde des Chores, aber auch Zuh\u00f6rer aus dem weiteren Umkreis Mendens mit Worten begr\u00fc\u00dfte: &#8222;Herzlich willkommen in der Sauna Wilhelmsh\u00f6he&#8220;. Becker verteidigte die Entscheidung des Chores, ob des gro\u00dfen Andrangs nicht in den gro\u00dfen Saal umgezogen zu sein. Der Chor singe eben lieber in einem &#8222;proppenvollen&#8220; kleinen Saal als in einem halb leeren gro\u00dfen.<\/p>\n<p align=\"justify\">Die Gedanken an die Hitze waren ohnehin schnell zerstreut, denn &#8222;amante&#8220; gelang es mit einem Titeln verschiedenster Stile, G\u00e4nsehaut in der &#8222;Sauna&#8220; zu erzeugen. Im Beisein von Ehrenchorleiter Klaus Levermann, der stellvertretenden B\u00fcrgermeisterin B\u00e4rbel Lewald und Mendens Ehrenb\u00fcrgermeister Rudi D\u00fcppe, bewies der mehrfache Meisterchor, dass er nicht nur in einem Genre zu Hause ist.<\/p>\n<p align=\"justify\">Fein akzentuiert, forte ebenso \u00fcberzeugend wie pianissimo, aber vor allem mit einer herausragenden Ausstrahlung, schl\u00fcpfte die fast 50-k\u00f6pfige Singgemeinschaft in die Rolle eines Rattenf\u00e4ngers, der die Zuh\u00f6rer in seinen Bann zog und sie fesselte. Die intensive Probenarbeit von Chordirektor Michael Oel tr\u00e4gt Fr\u00fcchte, der CD-K\u00e4ufer darf H\u00f6chstleistung erwarten und bekommt sie geboten. Erstellt wurde die CD durch das Balver Label &#8222;KRD Music&#8220;, das zum Konzert durch Kai Deutschl\u00e4nder vertreten war. Den Hauptsponsor Mendener Bank vertrat Thomas P\u00e4tzold. &#8222;Ohne solche Unterst\u00fctzung w\u00e4re die Erstellung dieser CD nicht m\u00f6glich gewesen&#8220;, so Lars Becker.<\/p>\n<p align=\"justify\">Das &#8222;amante&#8220;-Konzert dauerte fast zwei Stunden &#8211; und das auch deshalb, weil das Publikum gleich mehrere Zugaben forderte. Das waren dann Titel wie &#8222;Don&#8217;t worry, be happy&#8220; oder &#8222;Get around&#8220;, die nicht auf die silbernen Scheibe gepresst wurden. Da finden sich stattdessen jazzig gesetzte Volkslieder wie &#8222;Der Mond ist augegangen&#8220; oder &#8222;Kein sch\u00f6ner Land&#8220; wieder. Neben klassischem Liedgut erwarten den H\u00f6rer aber auch Rock, Pop und Gospel. Schon nach wenigen Minuten erntete &#8222;amante&#8220; begeisterten Applaus, johlende Pfiffe und Anerkennung. &#8222;amante&#8220; &#8211; das war am Fronleichnamstag einmal mehr unb\u00e4ndiger Spa\u00df auf der B\u00fchne, gemixt mit Disziplin und musikalischem Feingef\u00fchl.<\/p>\n<p align=\"justify\">Kein Wunder, dass sich die Scheibe bereits am Donnerstag bestens verkaufte. Wer noch keine hat, kann sie bei den Chormitgliedern zum Preis von zw\u00f6lf Euro erwerben.<\/p>\n<hr \/>\n<h1>Das ist amante pur, ohne technischen Firlefanz<\/h1>\n<p><b>Von Laura Oswald-J\u00fcttner, Westfalenpost<\/b><\/p>\n<p align=\"justify\">Menden. Zehn Jahre nach &#8222;Auftakt&#8220; bringt der Meisterchor amante della musica nun mit &#8222;mixt(o)ur&#8220; seine zweite CD auf den Markt. Der zweideutige Titel nimmt den Zuh\u00f6rer mit auf eine Reise (Tour) durch so ziemlich jede Stilrichtung, die amante beherrscht &#8211; daher die Mixtur.<\/p>\n<p align=\"justify\">Am Donnerstag stellten die rund 55 Musikliebhaber mit Chorleiter Michael Oel das Werk in einem spektakul\u00e4ren Konzert auf der Wilhelmsh\u00f6he vor.<\/p>\n<p align=\"justify\">&#8222;Herzlich willkommen in der Sauna Wilhelmsh\u00f6he&#8220;, begr\u00fc\u00dft Vorsitzender Lars Becker das Publikum. Die L\u00fcftungsanlage scheint aufgegeben zu haben, k\u00fchlt den ausverkauften Spiegelsaal kein Grad herunter. Die Besucher nehmen es mit Humor, da die S\u00e4ngerinnen und S\u00e4nger noch mehr schwitzen als sie. Man ergibt sich der W\u00e4rme und versorgt sich mit ausreichend Fl\u00fcssigkeit. Amante nimmt Aufstellung zu beiden Seiten des Publikums und beginnt das Konzert mit einem afrikanischen Volkslied, w\u00e4hrend die S\u00e4nger langsam auf die B\u00fchne marschieren. Dieses St\u00fcck und das nachfolgende &#8222;I get around&#8220; von den Beach Boys sind nicht auf &#8222;mixt(o)ur&#8220; zu h\u00f6ren. Das Album bietet Sakrales, deutsche Volkslieder und mit dem Celine-Dion-Superhit &#8222;My heart will go on&#8220; und Lionel Ritchies &#8222;Hello&#8220; zwei Powerballaden. &#8222;Coming home&#8220; von Sasha geht richtig in die Beine, ebenso wie der Gospel &#8222;Soon ah will be done&#8220;.<\/p>\n<p align=\"justify\">Absolutes Highlight auf CD und im Konzert ist aber Queens &#8222;Bohemian Rhapsody&#8220;. Der Saal tobt vor Begeisterung, amante hat Spa\u00df auf der B\u00fchne, \u00fcbertr\u00e4gt diesen aufs Publikum. Da ist es egal, dass der gut best\u00fcckte Sopran die anderen Stimmen ab und zu an die Wand singt. Amante rockt und bewegt sich auf der B\u00fchne. Standen die S\u00e4ngerinnen und S\u00e4nger in fr\u00fcheren Zeiten eher bewegungslos da, haben sie mittlerweile viele Choreographien einstudiert. Und bei einer solch bombastischen Rocknummer darf auch ein ordentliches Headbanging nicht fehlen. Tragen deshalb die meisten S\u00e4ngerinnen die langen Haare offen?<\/p>\n<p align=\"justify\">Lustig geht es bei &#8222;Der M\u00f6rder ist immer der G\u00e4rtner&#8220; von Reinhard Mey weiter. Die Mordserie stellt der Chor akustisch oder pantomimisch nach. Alle 13 Lieder kommen super an.<\/p>\n<p align=\"justify\">Zum Schluss wird es ruhiger. Landeschorleiter Prof. Michael Schmoll, guter Freund der Musikliebhaber, hat f\u00fcr sie ein neues Arrangement von &#8222;Der Mond ist aufgegangen&#8220; verfasst. Wie schon das erste Lied auf &#8222;mixt(o)ur&#8220;, das Volkslied &#8222;Kein sch\u00f6ner Land&#8220;, ist auch diese Interpretation mit Jazz-Harmonien durchzogen. Das Publikum ist so hingerissen, dass es sich nicht mehr auf den St\u00fchlen halten kann. Donnernder Applaus und Standing Ovations sind der Lohn f\u00fcr die harte Arbeit der letzten Monate. Genau so h\u00f6rt &#8222;mixt(o)ur&#8220; sich an: amante pur, ohne technischen Firlefanz. Nach dem Konzert wird die CD (Auflage: 500 St\u00fcck) verkauft.<\/p>\n<hr \/>\n<h1>amante stellt seine neue CD vor<\/h1>\n<p><b>Von Karin Drolshagen im Mendener Magazin<\/b><\/p>\n<p align=\"justify\">Der Spiegelsaal ist l\u00e4ngst voll &#8211; da tauchen noch mal mehr als 40 Menschen auf, die sich hineinzw\u00e4ngen wollen. Aber die d\u00fcrfen das. Das ist n\u00e4mlich amante della musica menden und die anderen 300 Menschen im Saal sind nur aus diesem einen Grund gekommen: sie zu h\u00f6ren. Gleich mit den ersten T\u00f6nen wird klar, es war die richtige Entscheidung, die ersten wirklich w\u00e4rmenden Sonnenstrahlen gegen diesen erstklassigen Chor auf der Wilhelmsh\u00f6he zu &#8222;tauschen&#8220;.<\/p>\n<p align=\"justify\">Lars Becker, der langj\u00e4hrige Vorsitzende von amante, begr\u00fc\u00dft die Anwesenden und vor allem die Ehreng\u00e4ste &#8211; unter ihnen Klaus Levermann, Gr\u00fcnder und Ehrenchorleiter &#8211; gewohnt souver\u00e4n und verpackt den Fauxpas, den ehemaligen B\u00fcrgermeister Rudi D\u00fcppe vor der amtierenden stellvertretenden B\u00fcrgermeisterin Barbara Lewald zu begr\u00fc\u00dfen, in eine Entschuldigung, der sich niemand verweigern kann.<\/p>\n<p align=\"justify\">Andrea F\u00e4rber und Tobias Holz \u00fcbernehmen die Moderation und sie machen es genau richtig: Wohl dosiert werden kleine D\u00f6nekes zu den einzelnen Titeln erz\u00e4hlt, keine langen Reden, keine aufgesetzten gespielten Witze als Einlagen &#8211; locker und charmant plaudern sie aus den N\u00e4hk\u00e4stchen und verbinden die sehr unterschiedlichen St\u00fccke geschickt miteinander.<\/p>\n<p align=\"justify\">Amante della musica menden stellt am 3. Juni 2010 ihre zweite CD vor: mixt(o)ur. Ein Vergn\u00fcgen, das man sich f\u00fcr 10 Euro ruhigen Gewissens leisten kann. Wenn auch das Vergn\u00fcgen, den Chor live, also &#8222;lebendig&#8220; zu h\u00f6ren tats\u00e4chlich ein Erlebnis ist, immer wieder.<\/p>\n<p align=\"justify\">Mit einem afrikanischen Lied zieht amante ein. Trotz der m\u00e4\u00dfigen Akustik des Saales ist der Chor sofort pr\u00e4sent, gewaltig sein Verm\u00f6gen, sich Geh\u00f6r zu verschaffen. &#8222;Get around&#8220; von den Beach Boys bringen die S\u00e4ngerinnen und S\u00e4nger in einem Tempo, das genau den Punkt zwischen schnell und gehetzt trifft. &#8222;Kein sch\u00f6ner Land&#8220; in verjazzter Fassung mag manch \u00e4lterem Zuh\u00f6rer sehr fremd vorgekommen sein.<\/p>\n<p align=\"justify\">Doch dem Chor gelingt es auf diese Weise die Begeisterung f\u00fcr deutsche Volksmusik jung zu halten. Die M\u00e4nnerstimmen schaffen &#8211; trotz deutlicher Unterzahl &#8211; den Frauen stimmen eine tolle Unterlage zu bereiten, auf der sich ihre T\u00f6ne glasklar in die H\u00f6he schrauben.<\/p>\n<p align=\"justify\">It&#8217;s a beautiful day von Sasha &#8211; ein munteres Lied, dessen verborgene Klippen die mehrfach meisterlichen S\u00e4ngergruppe locker umschifft. Und endlich f\u00fchrt auch mal die Altstimme, und dann auch noch den Song: &#8222;A Whiter Shade of Pale&#8220;. Mit bestens gesetzter Dramatik sorgt amante f\u00fcr G\u00e4nsehaut. Und &#8211; ja &#8211; da ist sie: Nach dem letzten Ton braucht das Publikum diese kleine Pause zum Atmen holen, zum Zu-sich-kommen, um applaudieren zu k\u00f6nnen. Die kennt man \u00fcblicherweise \u00fcberwiegend aus klassischen Konzerten. Bemerkenswert!<\/p>\n<p align=\"justify\">In einem Lied der russisch orthodoxen Kirche klingen sogar in der ganz leisen Passage die T\u00f6ne phantastisch klar, sind die Silben so deutlich zu verstehen, dass man sich sehr gut vorstellen kann, was Andrea Ferber angedeutet hat. W\u00e4hrend der Chorfahrt nach Wales muss &#8222;Tebje pajom&#8220; in der Kathedrale von Liverpool nachhaltig beeindruckend in den Ohren aller geklungen haben.<\/p>\n<p align=\"justify\">Bei &#8222;Soon ah will be done&#8220; wird deutlich, dass in diesem vierstimmigen Chor keine Stimme auf ihren Einsatz wartet. Diese vier Stimmen kommunizieren miteinander &#8211; \u00fcbergangslos und selbstverst\u00e4ndlich. Und dann kommt das St\u00fcck, mit dem sich Michael Oel den Platz als Chorleiter erarbeitet und verdient hat. Bohemian Rhapsody von Queen. Wenn ein Chorleiter einem Chor so etwas zutraut\u2026 hat er Mut, Vertrauen in den Chor und wei\u00df, was er als Chorleiter zu leisten in der Lage ist. Um es kurz zu machen: Sie lie\u00dfen die Kuh fliegen, wie Andrea Ferber es angedeutet hatte. Wenn Herren in Schwarz Luftgitarre spielen, ohne albern zu wirken, ist das was!<\/p>\n<p align=\"justify\">Dann l\u00e4sst amante auch noch die Titanic untergehen &#8211; aber erfreulicherweise nicht in den allerh\u00f6chsten T\u00f6nen, sondern mit einem satten Klang der \u00fcberzeugend darstellt, dass Liebe nicht \u00fcbertrieben herzzerrei\u00dfend sein muss, wenn sie &#8222;immer w\u00e4hrt&#8220;. Aber nat\u00fcrlich &#8222;hat&#8220; der Sopran die hohen T\u00f6ne, ohne danach suchen zu m\u00fcssen, nur demonstriert er es auf dezente, aber sehr effektive Weise. &#8222;Aux champs elysees&#8220; und auch &#8222;Der M\u00f6rder ist immer der G\u00e4rtner&#8220; kommen &#8211; zumindest f\u00fcr das Publikum &#8211; erholsam einfach daher. &#8222;Der Mond ist aufgegangen&#8220; ist noch einmal bestes Beispiel, wie auch in Deutschland traditionelles Liedgut so dargebracht werden kann, dass es auch junge Menschen mitrei\u00dft. Amante brachte noch mehr St\u00fccke, auf der CD sind mehr als hier erw\u00e4hnt, zu h\u00f6ren. Die Empfehlung kann nur sein: Besuchen Sie die amante-Konzerte und zwischendurch h\u00f6ren Sie sich die CD an. Die Lieder klingen dort anders, pr\u00e4ziser. Richtig Spa\u00df macht beides, mehr Vergn\u00fcgen ist amante della musica menden live!<\/p>\n<p align=\"justify\">Ach, die Zugabe, eine der Zugaben: Das hungrige Herz &#8211; zu Ehren von Thomas P\u00e4tzold vom Sponsor Mendener Bank an Fronleichnam gesungen. Einstudiert hat der Chor es zur Verabschiedung von Mendener Bank Vorstandsvorsitzenden Peter Schmidt am 5. Juni vergangenen Jahres. Es kommt in den Werbespots vor und unterstreicht den Slogan &#8222;Jeder Mensch hat etwas, das ihn antreibt&#8220;. Der belgischen M\u00e4dchenchor Scala hat das St\u00fcck im Repertoire. Amante kann auch &#8222;so was&#8220;. Noch ein Beweis daf\u00fcr, dass der Chor mit Michael Oel Neues wagt und gewinnt.<\/p>\n<div id='gallery-1' class='gallery galleryid-883 gallery-columns-3 gallery-size-thumbnail'><dl class='gallery-item'>\n\t\t\t<dt class='gallery-icon landscape'>\n\t\t\t\t<a href='https:\/\/www.amante-menden.de\/?attachment_id=881'><img loading=\"lazy\" decoding=\"async\" width=\"150\" height=\"150\" src=\"https:\/\/www.amante-menden.de\/wordpress\/wp-content\/uploads\/2015\/06\/gruppe11-150x150.jpg\" class=\"attachment-thumbnail size-thumbnail\" alt=\"\" srcset=\"https:\/\/www.amante-menden.de\/wordpress\/wp-content\/uploads\/2015\/06\/gruppe11-150x150.jpg 150w, https:\/\/www.amante-menden.de\/wordpress\/wp-content\/uploads\/2015\/06\/gruppe11-144x144.jpg 144w\" sizes=\"auto, (max-width: 150px) 100vw, 150px\" \/><\/a>\n\t\t\t<\/dt><\/dl><dl class='gallery-item'>\n\t\t\t<dt class='gallery-icon landscape'>\n\t\t\t\t<a href='https:\/\/www.amante-menden.de\/?attachment_id=879'><img loading=\"lazy\" decoding=\"async\" width=\"150\" height=\"133\" src=\"https:\/\/www.amante-menden.de\/wordpress\/wp-content\/uploads\/2015\/06\/58-150x133.jpg\" class=\"attachment-thumbnail size-thumbnail\" alt=\"\" \/><\/a>\n\t\t\t<\/dt><\/dl><dl class='gallery-item'>\n\t\t\t<dt class='gallery-icon landscape'>\n\t\t\t\t<a href='https:\/\/www.amante-menden.de\/?attachment_id=878'><img loading=\"lazy\" decoding=\"async\" width=\"150\" height=\"88\" src=\"https:\/\/www.amante-menden.de\/wordpress\/wp-content\/uploads\/2015\/06\/48-150x88.jpg\" class=\"attachment-thumbnail size-thumbnail\" alt=\"\" \/><\/a>\n\t\t\t<\/dt><\/dl><br style=\"clear: both\" \/><dl class='gallery-item'>\n\t\t\t<dt class='gallery-icon landscape'>\n\t\t\t\t<a href='https:\/\/www.amante-menden.de\/?attachment_id=877'><img loading=\"lazy\" decoding=\"async\" width=\"150\" height=\"117\" src=\"https:\/\/www.amante-menden.de\/wordpress\/wp-content\/uploads\/2015\/06\/39-150x117.jpg\" class=\"attachment-thumbnail size-thumbnail\" alt=\"\" \/><\/a>\n\t\t\t<\/dt><\/dl><dl class='gallery-item'>\n\t\t\t<dt class='gallery-icon landscape'>\n\t\t\t\t<a href='https:\/\/www.amante-menden.de\/?attachment_id=876'><img loading=\"lazy\" decoding=\"async\" width=\"150\" height=\"101\" src=\"https:\/\/www.amante-menden.de\/wordpress\/wp-content\/uploads\/2015\/06\/213-150x101.jpg\" class=\"attachment-thumbnail size-thumbnail\" alt=\"\" \/><\/a>\n\t\t\t<\/dt><\/dl><dl class='gallery-item'>\n\t\t\t<dt class='gallery-icon landscape'>\n\t\t\t\t<a href='https:\/\/www.amante-menden.de\/?attachment_id=875'><img loading=\"lazy\" decoding=\"async\" width=\"150\" height=\"115\" src=\"https:\/\/www.amante-menden.de\/wordpress\/wp-content\/uploads\/2015\/06\/120-150x115.jpg\" class=\"attachment-thumbnail size-thumbnail\" alt=\"\" \/><\/a>\n\t\t\t<\/dt><\/dl><br style=\"clear: both\" \/>\n\t\t<\/div>\n\n","protected":false},"excerpt":{"rendered":"<p>Von \u201eKein sch\u00f6ner Land\u201c bis \u201eBohemian Rhapsody\u201c Radiospot G\u00e4nsehaut in der &#8222;Sauna Wilhelmsh\u00f6he&#8220; Meisterchor &#8222;amante della musica&#8220; pr\u00e4sentiert neue CD &#8222;mixt(o)ur&#8220; vor ausverkauftem Haus Menden. Die Katze ist aus dem Sack: &#8222;mix(t)our&#8220; hei\u00dft die neue CD des Mendener Meisterchores &#8222;amante &hellip; <a href=\"https:\/\/www.amante-menden.de\/?page_id=883\">Weiterlesen <span class=\"meta-nav\">&rarr;<\/span><\/a><\/p>\n","protected":false},"author":1,"featured_media":0,"parent":156,"menu_order":102,"comment_status":"closed","ping_status":"closed","template":"","meta":{"footnotes":""},"class_list":["post-883","page","type-page","status-publish","hentry"],"_links":{"self":[{"href":"https:\/\/www.amante-menden.de\/index.php?rest_route=\/wp\/v2\/pages\/883","targetHints":{"allow":["GET"]}}],"collection":[{"href":"https:\/\/www.amante-menden.de\/index.php?rest_route=\/wp\/v2\/pages"}],"about":[{"href":"https:\/\/www.amante-menden.de\/index.php?rest_route=\/wp\/v2\/types\/page"}],"author":[{"embeddable":true,"href":"https:\/\/www.amante-menden.de\/index.php?rest_route=\/wp\/v2\/users\/1"}],"replies":[{"embeddable":true,"href":"https:\/\/www.amante-menden.de\/index.php?rest_route=%2Fwp%2Fv2%2Fcomments&post=883"}],"version-history":[{"count":1,"href":"https:\/\/www.amante-menden.de\/index.php?rest_route=\/wp\/v2\/pages\/883\/revisions"}],"predecessor-version":[{"id":884,"href":"https:\/\/www.amante-menden.de\/index.php?rest_route=\/wp\/v2\/pages\/883\/revisions\/884"}],"up":[{"embeddable":true,"href":"https:\/\/www.amante-menden.de\/index.php?rest_route=\/wp\/v2\/pages\/156"}],"wp:attachment":[{"href":"https:\/\/www.amante-menden.de\/index.php?rest_route=%2Fwp%2Fv2%2Fmedia&parent=883"}],"curies":[{"name":"wp","href":"https:\/\/api.w.org\/{rel}","templated":true}]}}