{"id":95,"date":"2015-05-27T15:35:03","date_gmt":"2015-05-27T13:35:03","guid":{"rendered":"http:\/\/amante-menden.de\/wordpress\/?page_id=95"},"modified":"2026-01-31T21:29:02","modified_gmt":"2026-01-31T19:29:02","slug":"2-kassierer","status":"publish","type":"page","link":"https:\/\/www.amante-menden.de\/?page_id=95","title":{"rendered":"2. Kassiererin"},"content":{"rendered":"<p><a href=\"http:\/\/www.amante-menden.de\/wordpress\/wp-content\/uploads\/2025\/01\/IMG_6692-scaled.jpg\"><img loading=\"lazy\" decoding=\"async\" class=\"alignnone wp-image-5008 size-medium\" src=\"http:\/\/www.amante-menden.de\/wordpress\/wp-content\/uploads\/2025\/01\/IMG_6692-169x300.jpg\" alt=\"\" width=\"169\" height=\"300\" srcset=\"https:\/\/www.amante-menden.de\/wordpress\/wp-content\/uploads\/2025\/01\/IMG_6692-169x300.jpg 169w, https:\/\/www.amante-menden.de\/wordpress\/wp-content\/uploads\/2025\/01\/IMG_6692-576x1024.jpg 576w, https:\/\/www.amante-menden.de\/wordpress\/wp-content\/uploads\/2025\/01\/IMG_6692-768x1365.jpg 768w, https:\/\/www.amante-menden.de\/wordpress\/wp-content\/uploads\/2025\/01\/IMG_6692-864x1536.jpg 864w, https:\/\/www.amante-menden.de\/wordpress\/wp-content\/uploads\/2025\/01\/IMG_6692-1152x2048.jpg 1152w, https:\/\/www.amante-menden.de\/wordpress\/wp-content\/uploads\/2025\/01\/IMG_6692-scaled.jpg 1440w\" sizes=\"auto, (max-width: 169px) 100vw, 169px\" \/><\/a><\/p>\n<p><strong>Pia G\u00f6dde<br \/>\n<\/strong><\/p>\n<p>Pia ist seit 2016 Mitglied von amante della musica menden und singt im Alt unseres Chores.<\/p>\n<p>Die P\u00e4dagogin lebt mit ihrem Mann Steffen in Lendringsen und hat dem Vorstand bereits ein Jahr als Schnuppermitglied angeh\u00f6rt, bevor Sie am 17. Januar 2026 durch die Mitgliederversammlung auf die Position der 2. Kassiererin gew\u00e4hlt wurde und damit die Nachfolge von Markus Woitzik antrat.<\/p>\n","protected":false},"excerpt":{"rendered":"<p>Pia G\u00f6dde Pia ist seit 2016 Mitglied von amante della musica menden und singt im Alt unseres Chores. Die P\u00e4dagogin lebt mit ihrem Mann Steffen in Lendringsen und hat dem Vorstand bereits ein Jahr als Schnuppermitglied angeh\u00f6rt, bevor Sie am &hellip; <a href=\"https:\/\/www.amante-menden.de\/?page_id=95\">Weiterlesen <span class=\"meta-nav\">&rarr;<\/span><\/a><\/p>\n","protected":false},"author":1,"featured_media":0,"parent":230,"menu_order":4,"comment_status":"closed","ping_status":"closed","template":"","meta":{"footnotes":""},"class_list":["post-95","page","type-page","status-publish","hentry"],"_links":{"self":[{"href":"https:\/\/www.amante-menden.de\/index.php?rest_route=\/wp\/v2\/pages\/95","targetHints":{"allow":["GET"]}}],"collection":[{"href":"https:\/\/www.amante-menden.de\/index.php?rest_route=\/wp\/v2\/pages"}],"about":[{"href":"https:\/\/www.amante-menden.de\/index.php?rest_route=\/wp\/v2\/types\/page"}],"author":[{"embeddable":true,"href":"https:\/\/www.amante-menden.de\/index.php?rest_route=\/wp\/v2\/users\/1"}],"replies":[{"embeddable":true,"href":"https:\/\/www.amante-menden.de\/index.php?rest_route=%2Fwp%2Fv2%2Fcomments&post=95"}],"version-history":[{"count":21,"href":"https:\/\/www.amante-menden.de\/index.php?rest_route=\/wp\/v2\/pages\/95\/revisions"}],"predecessor-version":[{"id":5089,"href":"https:\/\/www.amante-menden.de\/index.php?rest_route=\/wp\/v2\/pages\/95\/revisions\/5089"}],"up":[{"embeddable":true,"href":"https:\/\/www.amante-menden.de\/index.php?rest_route=\/wp\/v2\/pages\/230"}],"wp:attachment":[{"href":"https:\/\/www.amante-menden.de\/index.php?rest_route=%2Fwp%2Fv2%2Fmedia&parent=95"}],"curies":[{"name":"wp","href":"https:\/\/api.w.org\/{rel}","templated":true}]}}