{"id":97,"date":"2015-05-27T15:36:16","date_gmt":"2015-05-27T13:36:16","guid":{"rendered":"http:\/\/amante-menden.de\/wordpress\/?page_id=97"},"modified":"2025-01-25T21:55:54","modified_gmt":"2025-01-25T19:55:54","slug":"1-schriftfuehrerin","status":"publish","type":"page","link":"https:\/\/www.amante-menden.de\/?page_id=97","title":{"rendered":"1. Schriftf\u00fchrerin"},"content":{"rendered":"<p><a href=\"http:\/\/www.amante-menden.de\/wordpress\/wp-content\/uploads\/2024\/10\/IMG_6368_1-scaled.jpg\"><img loading=\"lazy\" decoding=\"async\" class=\"alignnone wp-image-4904 size-medium\" src=\"http:\/\/www.amante-menden.de\/wordpress\/wp-content\/uploads\/2024\/10\/IMG_6368_1-284x300.jpg\" alt=\"\" width=\"284\" height=\"300\" srcset=\"https:\/\/www.amante-menden.de\/wordpress\/wp-content\/uploads\/2024\/10\/IMG_6368_1-284x300.jpg 284w, https:\/\/www.amante-menden.de\/wordpress\/wp-content\/uploads\/2024\/10\/IMG_6368_1-968x1024.jpg 968w, https:\/\/www.amante-menden.de\/wordpress\/wp-content\/uploads\/2024\/10\/IMG_6368_1-768x812.jpg 768w, https:\/\/www.amante-menden.de\/wordpress\/wp-content\/uploads\/2024\/10\/IMG_6368_1-1453x1536.jpg 1453w, https:\/\/www.amante-menden.de\/wordpress\/wp-content\/uploads\/2024\/10\/IMG_6368_1-1937x2048.jpg 1937w\" sizes=\"auto, (max-width: 284px) 100vw, 284px\" \/><\/a><strong><br \/>\nAnja Sch\u00fcrmann<\/strong> <span style=\"color: black;\"><br \/>\n<\/span><\/p>\n<p>Anja Sch\u00fcrmann singt im Alt von amante della musica menden. Neben Chor und Familie sind Hunde die gro\u00dfe Leidenschaft der Krankenschwester aus Menden. Sie begann im Vorstand 2016 als 2. Schriftf\u00fchrerin und wechselte 2017 in die Position der 1. Schriftf\u00fchrerin. Am 18. Januar 2025 wurde Sie von der Mitgliederversammlung einstimmig in ihrem Amt best\u00e4tigt.<\/p>\n","protected":false},"excerpt":{"rendered":"<p>Anja Sch\u00fcrmann Anja Sch\u00fcrmann singt im Alt von amante della musica menden. Neben Chor und Familie sind Hunde die gro\u00dfe Leidenschaft der Krankenschwester aus Menden. Sie begann im Vorstand 2016 als 2. Schriftf\u00fchrerin und wechselte 2017 in die Position der &hellip; <a href=\"https:\/\/www.amante-menden.de\/?page_id=97\">Weiterlesen <span class=\"meta-nav\">&rarr;<\/span><\/a><\/p>\n","protected":false},"author":1,"featured_media":0,"parent":230,"menu_order":5,"comment_status":"closed","ping_status":"closed","template":"","meta":{"footnotes":""},"class_list":["post-97","page","type-page","status-publish","hentry"],"_links":{"self":[{"href":"https:\/\/www.amante-menden.de\/index.php?rest_route=\/wp\/v2\/pages\/97","targetHints":{"allow":["GET"]}}],"collection":[{"href":"https:\/\/www.amante-menden.de\/index.php?rest_route=\/wp\/v2\/pages"}],"about":[{"href":"https:\/\/www.amante-menden.de\/index.php?rest_route=\/wp\/v2\/types\/page"}],"author":[{"embeddable":true,"href":"https:\/\/www.amante-menden.de\/index.php?rest_route=\/wp\/v2\/users\/1"}],"replies":[{"embeddable":true,"href":"https:\/\/www.amante-menden.de\/index.php?rest_route=%2Fwp%2Fv2%2Fcomments&post=97"}],"version-history":[{"count":14,"href":"https:\/\/www.amante-menden.de\/index.php?rest_route=\/wp\/v2\/pages\/97\/revisions"}],"predecessor-version":[{"id":5019,"href":"https:\/\/www.amante-menden.de\/index.php?rest_route=\/wp\/v2\/pages\/97\/revisions\/5019"}],"up":[{"embeddable":true,"href":"https:\/\/www.amante-menden.de\/index.php?rest_route=\/wp\/v2\/pages\/230"}],"wp:attachment":[{"href":"https:\/\/www.amante-menden.de\/index.php?rest_route=%2Fwp%2Fv2%2Fmedia&parent=97"}],"curies":[{"name":"wp","href":"https:\/\/api.w.org\/{rel}","templated":true}]}}